{"id":4282,"date":"2021-02-09T23:02:07","date_gmt":"2021-02-09T22:02:07","guid":{"rendered":"https:\/\/wp.billiard-plus.hr\/wp\/?page_id=4282"},"modified":"2021-02-09T23:50:30","modified_gmt":"2021-02-09T22:50:30","slug":"dobrodosli-u-novi-webshop-billiard-plus-hr","status":"publish","type":"page","link":"https:\/\/wp.billiard-plus.hr\/wp\/dobrodosli-u-novi-webshop-billiard-plus-hr","title":{"rendered":"Dobrodo\u0161li u novi webshop billiard-plus.hr"},"content":{"rendered":"\n<div class=\"wp-block-image\"><figure class=\"aligncenter size-large\"><img fetchpriority=\"high\" decoding=\"async\" width=\"440\" height=\"167\" src=\"https:\/\/wp.billiard-plus.hr\/wp\/wp-content\/uploads\/2020\/03\/bpluslogo-e1594831342634.png\" alt=\"\" class=\"wp-image-64\" srcset=\"https:\/\/wp.billiard-plus.hr\/wp\/wp-content\/uploads\/2020\/03\/bpluslogo-e1594831342634.png 440w, https:\/\/wp.billiard-plus.hr\/wp\/wp-content\/uploads\/2020\/03\/bpluslogo-e1594831342634-324x123.png 324w, https:\/\/wp.billiard-plus.hr\/wp\/wp-content\/uploads\/2020\/03\/bpluslogo-e1594831342634-416x158.png 416w\" sizes=\"(max-width: 440px) 100vw, 440px\" \/><\/figure><\/div>\n\n\n\n<h3 style=\"text-align: center;\"><strong><span style=\"color: #008000;\">Pozdrav! Za \u0161to bolje iskustvo kupovine osvje\u017eili smo na\u0161 webshop, od sada mo\u017eete na vrlo<\/span> <span style=\"color: #008000;\">jednostavan<\/span> <span style=\"color: #008000;\">na\u010din pretra\u017eivati i kupovati!<\/span><\/strong><\/h3>\n<p style=\"text-align: center;\"><span style=\"color: #008000;\">Poveznica za tra\u017eeni proizvod zastarjela je! <\/span><\/p>\n<p style=\"text-align: center;\"><span style=\"color: #008000;\">molimo Vas da u pretra\u017eiva\u010d ispod upi\u0161ete \u017eeljeni proizvod kako bi Vas mogli preusmjeriti na tra\u017eeni proizvod!<\/span><\/p>\n\n\n<form role=\"search\" method=\"get\" action=\"https:\/\/wp.billiard-plus.hr\/wp\/\" class=\"wp-block-search__button-outside wp-block-search__text-button wp-block-search\"    ><label class=\"wp-block-search__label\" for=\"wp-block-search__input-1\" >Pretraga<\/label><div class=\"wp-block-search__inside-wrapper\" ><input class=\"wp-block-search__input\" id=\"wp-block-search__input-1\" placeholder=\"ovdje upi\u0161ite naziv artikla koji \u017eelite pretra\u017eiti\" value=\"\" type=\"search\" name=\"s\" required \/><button aria-label=\"Pretraga\" class=\"wp-block-search__button wp-element-button\" type=\"submit\" >Pretraga<\/button><\/div><\/form>","protected":false},"excerpt":{"rendered":"<p>Pozdrav! Za \u0161to bolje iskustvo kupovine osvje\u017eili smo na\u0161 webshop, od sada mo\u017eete na vrlo jednostavan na\u010din pretra\u017eivati i kupovati! Poveznica za tra\u017eeni proizvod zastarjela je! molimo Vas da u pretra\u017eiva\u010d ispod upi\u0161ete \u017eeljeni proizvod kako bi Vas mogli preusmjeriti na tra\u017eeni proizvod!<\/p>\n","protected":false},"author":1,"featured_media":0,"parent":0,"menu_order":0,"comment_status":"closed","ping_status":"closed","template":"","meta":{"footnotes":""},"class_list":["post-4282","page","type-page","status-publish","hentry"],"aioseo_notices":[],"_links":{"self":[{"href":"https:\/\/wp.billiard-plus.hr\/wp\/wp-json\/wp\/v2\/pages\/4282","targetHints":{"allow":["GET"]}}],"collection":[{"href":"https:\/\/wp.billiard-plus.hr\/wp\/wp-json\/wp\/v2\/pages"}],"about":[{"href":"https:\/\/wp.billiard-plus.hr\/wp\/wp-json\/wp\/v2\/types\/page"}],"author":[{"embeddable":true,"href":"https:\/\/wp.billiard-plus.hr\/wp\/wp-json\/wp\/v2\/users\/1"}],"replies":[{"embeddable":true,"href":"https:\/\/wp.billiard-plus.hr\/wp\/wp-json\/wp\/v2\/comments?post=4282"}],"version-history":[{"count":3,"href":"https:\/\/wp.billiard-plus.hr\/wp\/wp-json\/wp\/v2\/pages\/4282\/revisions"}],"predecessor-version":[{"id":9392,"href":"https:\/\/wp.billiard-plus.hr\/wp\/wp-json\/wp\/v2\/pages\/4282\/revisions\/9392"}],"wp:attachment":[{"href":"https:\/\/wp.billiard-plus.hr\/wp\/wp-json\/wp\/v2\/media?parent=4282"}],"curies":[{"name":"wp","href":"https:\/\/api.w.org\/{rel}","templated":true}]}}