{"id":1118,"date":"2020-04-15T21:58:54","date_gmt":"2020-04-15T21:58:54","guid":{"rendered":"https:\/\/wp.billiard-plus.hr\/wp\/?post_type=product&#038;p=1118"},"modified":"2023-03-15T08:07:26","modified_gmt":"2023-03-15T07:07:26","slug":"biljarski-stap-pool-buffalo-premium","status":"publish","type":"product","link":"https:\/\/wp.billiard-plus.hr\/wp\/proizvod\/biljarski-stap-pool-buffalo-premium","title":{"rendered":"BILJARSKI \u0160TAP POOL BUFFALO PREMIUM"},"content":{"rendered":"<div class=\"std\">\n<p>2-djelni biljarski \u0161tap za pool<\/p>\n<p>\u0160tapovi Buffalo Premium pru\u017eaju optimalan odnos kvalitete po razumnoj cijeni.<br \/>\nNapravljeni su od prvoklasnog ru\u010dno odabranog pti\u010djeg javora s umecima od egzoti\u010dnih vrsta drva.<\/p>\n<p>Duljina 148 cm <br \/>\nVrhunski kanadski javor<br \/>\n12 slojeva ru\u010dno nano\u0161enog laka<br \/>\nPrednje te\u017ei\u0161te \u0161tapa<\/p>\n<p>Gornji dio od kanadskog javora AAA kvalitete<br \/>\nRegular Deflection American Style Professional Taper<br \/>\nLijepljena ko\u017eica 13 mm<br \/>\nPlasti\u010dni prsten<\/p>\n<p>Na spoju \u010deli\u010dni navoj 5\/16&#215;18<br \/>\nPolirani \u010deli\u010dni spoj maksimalnog kontakta<br \/>\n2 niklovana prstena<\/p>\n<p>Donji dio od prvoklasnog pti\u010djeg javora prirodne boje<br \/>\n6 \u0161piceva od ru\u017einog drva prirodne boje<br \/>\n2 niklovana prstena<br \/>\nNa rukohvatu prvoklasni irski laneni konac<\/p>\n<p>Na dnu \u0161tapa prsten High Impact Composition<br \/>\nPrvoklasni pti\u010dji javor prirodne boje<br \/>\nPrsten od ru\u017einog drva prirodne boje<br \/>\n2 niklovana prstena<br \/>\nGuma za dno \u0161tapa Noise Subduing apsorbira udarce<\/p>\n<p>Boja u stvarnosti mo\u017ee biti razli\u010dita od one na zaslonu. <br \/>\nZadr\u017eavamo pravo izmjene modela i cijene.<\/p>\n<p><img decoding=\"async\" src=\"http:\/\/shop.billiard-plus.hr\/media\/wysiwyg\/buffalo_LOGO.png\" alt=\"\" \/><\/p>\n<\/div>\n","protected":false},"excerpt":{"rendered":"<p>U cijenu ura\u010dunat PDV<br \/>\nDostava nije ura\u010dunata u cijenu<\/p>\n<p>\n2-DJELNI BILJARSKI \u0160TAP ZA POOL BILJAR<br \/>\nVrh 13 mm<\/p>\n","protected":false},"featured_media":1127,"template":"","meta":[],"product_brand":[],"product_cat":[39,37,83,72,508],"product_tag":[],"class_list":{"0":"post-1118","1":"product","2":"type-product","3":"status-publish","4":"has-post-thumbnail","6":"product_cat-biljar","7":"product_cat-biljarski-stapovi","8":"product_cat-stap-buffalo","9":"product_cat-stap-pool","10":"product_cat-biljarski-stapovi-svi-stapovi","12":"first","13":"instock","14":"shipping-taxable","15":"purchasable","16":"product-type-variable"},"aioseo_notices":[],"_links":{"self":[{"href":"https:\/\/wp.billiard-plus.hr\/wp\/wp-json\/wp\/v2\/product\/1118","targetHints":{"allow":["GET"]}}],"collection":[{"href":"https:\/\/wp.billiard-plus.hr\/wp\/wp-json\/wp\/v2\/product"}],"about":[{"href":"https:\/\/wp.billiard-plus.hr\/wp\/wp-json\/wp\/v2\/types\/product"}],"wp:featuredmedia":[{"embeddable":true,"href":"https:\/\/wp.billiard-plus.hr\/wp\/wp-json\/wp\/v2\/media\/1127"}],"wp:attachment":[{"href":"https:\/\/wp.billiard-plus.hr\/wp\/wp-json\/wp\/v2\/media?parent=1118"}],"wp:term":[{"taxonomy":"product_brand","embeddable":true,"href":"https:\/\/wp.billiard-plus.hr\/wp\/wp-json\/wp\/v2\/product_brand?post=1118"},{"taxonomy":"product_cat","embeddable":true,"href":"https:\/\/wp.billiard-plus.hr\/wp\/wp-json\/wp\/v2\/product_cat?post=1118"},{"taxonomy":"product_tag","embeddable":true,"href":"https:\/\/wp.billiard-plus.hr\/wp\/wp-json\/wp\/v2\/product_tag?post=1118"}],"curies":[{"name":"wp","href":"https:\/\/api.w.org\/{rel}","templated":true}]}}