{"id":1218,"date":"2020-04-18T20:27:15","date_gmt":"2020-04-18T18:27:15","guid":{"rendered":"https:\/\/wp.billiard-plus.hr\/wp\/?post_type=product&#038;p=1218"},"modified":"2023-08-23T10:28:34","modified_gmt":"2023-08-23T08:28:34","slug":"biljarski-stap-piramida-cuetec-spike","status":"publish","type":"product","link":"https:\/\/wp.billiard-plus.hr\/wp\/proizvod\/biljarski-stap-piramida-cuetec-spike","title":{"rendered":"BILJARSKI \u0160TAP PIRAMIDA CUETEC SPIKE"},"content":{"rendered":"<div class=\"std\">\n<p>Originalna Cuetec patentirana tehnologija<\/p>\n<p>2-djelni biljarski \u0161tap za rusku piramidu<br \/>\nDuljina 160 cm<\/p>\n<p>Drvo kanadskog jasena presvu\u010deno slojem fiberglassa <br \/>\nFiberglass daje \u010dvrsto\u0107u te otpornost na udarce i vlagu <br \/>\n\u0160tap se ne krivi i ne upija masno\u0107u i prljav\u0161tinu<\/p>\n<p>\u010celi\u010dni prsten <br \/>\nLijepljena ko\u017eica 13 mm <br \/>\n\u010celi\u010dni 3\/8&#8221;x14 navoj na spoju\u00a0<\/p>\n<p>Boja u stvarnosti mo\u017ee biti razli\u010dita od one na zaslonu. <br \/>\nZadr\u017eavamo pravo izmjene modela i cijene.<\/p>\n<p><img decoding=\"async\" src=\"http:\/\/shop.billiard-plus.hr\/media\/wysiwyg\/Logo_Cuetec.png\" alt=\"\" \/><\/p>\n<\/div>\n","protected":false},"excerpt":{"rendered":"<p>U cijenu ura\u010dunat PDV<br \/>\nDostava nije ura\u010dunata u cijenu<\/p>\n<p>art.4532<br \/>\n2-DJELNI \u0160TAP ZA PIRAMIDA BILJAR<br \/>\nDuljina 160 cm<\/p>\n","protected":false},"featured_media":1219,"template":"","meta":[],"product_brand":[],"product_cat":[39,37,85],"product_tag":[],"class_list":{"0":"post-1218","1":"product","2":"type-product","3":"status-publish","4":"has-post-thumbnail","6":"product_cat-biljar","7":"product_cat-biljarski-stapovi","8":"product_cat-stap-cuetec","10":"first","11":"instock","12":"shipping-taxable","13":"purchasable","14":"product-type-simple"},"aioseo_notices":[],"_links":{"self":[{"href":"https:\/\/wp.billiard-plus.hr\/wp\/wp-json\/wp\/v2\/product\/1218","targetHints":{"allow":["GET"]}}],"collection":[{"href":"https:\/\/wp.billiard-plus.hr\/wp\/wp-json\/wp\/v2\/product"}],"about":[{"href":"https:\/\/wp.billiard-plus.hr\/wp\/wp-json\/wp\/v2\/types\/product"}],"wp:featuredmedia":[{"embeddable":true,"href":"https:\/\/wp.billiard-plus.hr\/wp\/wp-json\/wp\/v2\/media\/1219"}],"wp:attachment":[{"href":"https:\/\/wp.billiard-plus.hr\/wp\/wp-json\/wp\/v2\/media?parent=1218"}],"wp:term":[{"taxonomy":"product_brand","embeddable":true,"href":"https:\/\/wp.billiard-plus.hr\/wp\/wp-json\/wp\/v2\/product_brand?post=1218"},{"taxonomy":"product_cat","embeddable":true,"href":"https:\/\/wp.billiard-plus.hr\/wp\/wp-json\/wp\/v2\/product_cat?post=1218"},{"taxonomy":"product_tag","embeddable":true,"href":"https:\/\/wp.billiard-plus.hr\/wp\/wp-json\/wp\/v2\/product_tag?post=1218"}],"curies":[{"name":"wp","href":"https:\/\/api.w.org\/{rel}","templated":true}]}}