{"id":1435,"date":"2020-04-21T21:22:16","date_gmt":"2020-04-21T19:22:16","guid":{"rendered":"https:\/\/wp.billiard-plus.hr\/wp\/?post_type=product&#038;p=1435"},"modified":"2023-05-16T14:09:55","modified_gmt":"2023-05-16T12:09:55","slug":"kugle-pool-aramith-premier-572mm","status":"publish","type":"product","link":"https:\/\/wp.billiard-plus.hr\/wp\/proizvod\/kugle-pool-aramith-premier-572mm","title":{"rendered":"KUGLE POOL ARAMITH PREMIER 57,2mm"},"content":{"rendered":"<div class=\"std\">\n<p>Originalne belgijske kugle Aramith s certifikatom <br \/>\nPrvoklasne kugle za pool biljar <br \/>\nPremier kvaliteta<\/p>\n<p>Promjer svih kugli 57,2 mm (2&#8221; 1\/4)<\/p>\n<p>Kugle od vrhunskih fenolnih smola <br \/>\nDo kona\u010dnog proizvoda potrebna su 23 dana u 13 proizvodnih procesa <br \/>\nRa\u010dunalna tehnologija omogu\u0107ava pouzdan promjer i uvijek iste boje <br \/>\nPotpuno balansirane kugle s pravilnom putanjom <br \/>\nKalibririranje omogu\u0107ava pravilno odbijanje kugli <br \/>\nHomogena masa i ujedna\u010dena gusto\u0107a <br \/>\nStabilan materijal <br \/>\nNe mijenjaju oblik <br \/>\nOtpornost na udarce <br \/>\nVelika otpornost na udarce \u0161tapom, vijke koji dr\u017ee rupe ili druge dijelove biljarskog stola <br \/>\nOtpornost na pritisak od 5 tona <br \/>\nBiljarska kugla u sekundi mo\u017ee dosti\u0107i brzinu od 30 km na sat, a temperatura izme\u0111u platna i kugle i do 250\u00b0C <br \/>\nIzuzetna otpornost na visoke temperature <br \/>\nPove\u0107ana otpornost na ogrebotine <br \/>\nSigurnost za biljarsko platno<\/p>\n<p>Zamjenska bijela kugla iste veli\u010dine <a href=\"http:\/\/shop.billiard-plus.hr\/35702.html\" target=\"_blank\" rel=\"noopener noreferrer\">art.35702<\/a> ili ve\u0107a <a href=\"http:\/\/shop.billiard-plus.hr\/35703.html\" target=\"_blank\" rel=\"noopener noreferrer\">art.35703<\/a><\/p>\n<p>Boja u stvarnosti mo\u017ee biti razli\u010dita od one na zaslonu. <br \/>\nZadr\u017eavamo pravo izmjene modela i cijene.<\/p>\n<p><img decoding=\"async\" src=\"http:\/\/shop.billiard-plus.hr\/media\/wysiwyg\/logo_aramith.jpg\" alt=\"\" \/>\u00a0<\/p>\n<\/div>\n","protected":false},"excerpt":{"rendered":"<p>U cijenu ura\u010dunat PDV<br \/>\nDostava nije ura\u010dunata u cijenu<\/p>\n<p>art.35003<br \/>\nPRVOKLASNE KUGLE ZA POOL BILJAR<br \/>\nPromjer svih kugli 57,2 mm<\/p>\n","protected":false},"featured_media":1436,"template":"","meta":[],"product_brand":[],"product_cat":[110,139,132],"product_tag":[],"class_list":{"0":"post-1435","1":"product","2":"type-product","3":"status-publish","4":"has-post-thumbnail","6":"product_cat-biljar-kugle","7":"product_cat-komplet","8":"product_cat-pool-kugla","10":"first","11":"instock","12":"shipping-taxable","13":"purchasable","14":"product-type-simple"},"aioseo_notices":[],"_links":{"self":[{"href":"https:\/\/wp.billiard-plus.hr\/wp\/wp-json\/wp\/v2\/product\/1435","targetHints":{"allow":["GET"]}}],"collection":[{"href":"https:\/\/wp.billiard-plus.hr\/wp\/wp-json\/wp\/v2\/product"}],"about":[{"href":"https:\/\/wp.billiard-plus.hr\/wp\/wp-json\/wp\/v2\/types\/product"}],"wp:featuredmedia":[{"embeddable":true,"href":"https:\/\/wp.billiard-plus.hr\/wp\/wp-json\/wp\/v2\/media\/1436"}],"wp:attachment":[{"href":"https:\/\/wp.billiard-plus.hr\/wp\/wp-json\/wp\/v2\/media?parent=1435"}],"wp:term":[{"taxonomy":"product_brand","embeddable":true,"href":"https:\/\/wp.billiard-plus.hr\/wp\/wp-json\/wp\/v2\/product_brand?post=1435"},{"taxonomy":"product_cat","embeddable":true,"href":"https:\/\/wp.billiard-plus.hr\/wp\/wp-json\/wp\/v2\/product_cat?post=1435"},{"taxonomy":"product_tag","embeddable":true,"href":"https:\/\/wp.billiard-plus.hr\/wp\/wp-json\/wp\/v2\/product_tag?post=1435"}],"curies":[{"name":"wp","href":"https:\/\/api.w.org\/{rel}","templated":true}]}}