{"id":2176,"date":"2023-03-06T12:57:29","date_gmt":"2023-03-06T11:57:29","guid":{"rendered":"https:\/\/wp.billiard-plus.hr\/wp\/?post_type=product&#038;p=2176"},"modified":"2023-09-19T16:25:22","modified_gmt":"2023-09-19T14:25:22","slug":"kozica-kamui-original","status":"publish","type":"product","link":"https:\/\/wp.billiard-plus.hr\/wp\/proizvod\/kozica-kamui-original","title":{"rendered":"KO\u017dICA KAMUI ORIGINAL"},"content":{"rendered":"<p>Kvalitetan biljarski \u0161tap ima zalijepljenu ko\u017eicu <br \/>\nKo\u017eica promjerom mora odgovarati promjeru vrha \u0161tapa &#8211; najbolje isti promjer, bolje ve\u0107i, nego manji<\/p>\n<p>Prije lijepljenja donja strana se mora pobrusiti <br \/>\nIgranjem ko\u017eica gubi formu, pa ju treba obra\u0111ivati odgovaraju\u0107im <a href=\"http:\/\/shop.billiard-plus.hr\/catalogsearch\/result\/?q=kamui+gator&amp;x=15&amp;y=12\" target=\"_blank\" rel=\"noopener noreferrer\">alatima<\/a><\/p>\n<p>Ru\u010dno proizvedena u Japanu <br \/>\nOriginalna japanska svinjska ko\u017ea najbolje kvalitete <br \/>\n10 slojeva <br \/>\nSvaki sloj se pa\u017eljivo bira i obra\u0111uje jedinstvenim procesom obrade <br \/>\nPorozna ko\u017ea odli\u010dno prihva\u0107a i dr\u017ei kredu <br \/>\nPotrebna obrada<\/p>\n<p>Cijena za 1 komad <br \/>\nBoja u stvarnosti mo\u017ee biti razli\u010dita od one na zaslonu. <br \/>\nZadr\u017eavamo pravo izmjene modela i cijene.<\/p>\n<p><img decoding=\"async\" src=\"http:\/\/shop.billiard-plus.hr\/media\/wysiwyg\/Logo_kamui.jpg\" alt=\"\" \/><\/p>\n","protected":false},"excerpt":{"rendered":"<p>U cijenu ura\u010dunat PDV<br \/>\nDostava nije ura\u010dunata u cijenu<\/p>\n<p>art.32421<br \/>\nVRHUNSKA VI\u0160ESLOJNA KO\u017dICA ZA LIJEPLJENJE<\/p>\n","protected":false},"featured_media":2187,"template":"","meta":[],"product_brand":[],"product_cat":[163,121,157,160],"product_tag":[],"class_list":{"0":"post-2176","1":"product","2":"type-product","3":"status-publish","4":"has-post-thumbnail","6":"product_cat-kamui","7":"product_cat-kozica","8":"product_cat-lijepljena","9":"product_cat-viseslojna","11":"first","12":"instock","13":"shipping-taxable","14":"purchasable","15":"product-type-variable"},"aioseo_notices":[],"_links":{"self":[{"href":"https:\/\/wp.billiard-plus.hr\/wp\/wp-json\/wp\/v2\/product\/2176","targetHints":{"allow":["GET"]}}],"collection":[{"href":"https:\/\/wp.billiard-plus.hr\/wp\/wp-json\/wp\/v2\/product"}],"about":[{"href":"https:\/\/wp.billiard-plus.hr\/wp\/wp-json\/wp\/v2\/types\/product"}],"wp:featuredmedia":[{"embeddable":true,"href":"https:\/\/wp.billiard-plus.hr\/wp\/wp-json\/wp\/v2\/media\/2187"}],"wp:attachment":[{"href":"https:\/\/wp.billiard-plus.hr\/wp\/wp-json\/wp\/v2\/media?parent=2176"}],"wp:term":[{"taxonomy":"product_brand","embeddable":true,"href":"https:\/\/wp.billiard-plus.hr\/wp\/wp-json\/wp\/v2\/product_brand?post=2176"},{"taxonomy":"product_cat","embeddable":true,"href":"https:\/\/wp.billiard-plus.hr\/wp\/wp-json\/wp\/v2\/product_cat?post=2176"},{"taxonomy":"product_tag","embeddable":true,"href":"https:\/\/wp.billiard-plus.hr\/wp\/wp-json\/wp\/v2\/product_tag?post=2176"}],"curies":[{"name":"wp","href":"https:\/\/api.w.org\/{rel}","templated":true}]}}