{"id":2537,"date":"2020-05-13T21:50:58","date_gmt":"2020-05-13T19:50:58","guid":{"rendered":"https:\/\/wp.billiard-plus.hr\/wp\/?post_type=product&#038;p=2537"},"modified":"2023-10-27T11:07:56","modified_gmt":"2023-10-27T09:07:56","slug":"guma-kratka","status":"publish","type":"product","link":"https:\/\/wp.billiard-plus.hr\/wp\/proizvod\/guma-kratka","title":{"rendered":"GUMA KRATKA"},"content":{"rendered":"<div class=\"std\">\n<p>Na donji dio \u0161tapa se stavlja guma <br \/>\nZa\u0161tita donjeg dijela \u0161tapa od o\u0161te\u0107enja<\/p>\n<p>Odgovara ve\u0107ini biljarskih \u0161tapova <br \/>\nNajprodavanija guma za biljarske \u0161tapove<\/p>\n<p>Promjer 35 mm <br \/>\nVisina 55 mm<\/p>\n<p>Boja u stvarnosti mo\u017ee biti razli\u010dita od one na zaslonu. <br \/>\nZadr\u017eavamo pravo izmjene modela i cijene.<\/p>\n<\/div>\n","protected":false},"excerpt":{"rendered":"<p>U cijenu ura\u010dunat PDV<br \/>\nDostava nije ura\u010dunata u cijenu<\/p>\n<p>art.31266<br \/>\nGUMA ZA DONJI DIO \u0160TAPA<br \/>\nNajprodavanija guma za biljarske \u0161tapove<\/p>\n","protected":false},"featured_media":2538,"template":"","meta":[],"product_brand":[],"product_cat":[123,170,109],"product_tag":[],"class_list":{"0":"post-2537","1":"product","2":"type-product","3":"status-publish","4":"has-post-thumbnail","6":"product_cat-dijelovi-pribor-za-stap","7":"product_cat-guma","8":"product_cat-pribor-za-stapove","10":"first","11":"instock","12":"shipping-taxable","13":"purchasable","14":"product-type-simple"},"aioseo_notices":[],"_links":{"self":[{"href":"https:\/\/wp.billiard-plus.hr\/wp\/wp-json\/wp\/v2\/product\/2537","targetHints":{"allow":["GET"]}}],"collection":[{"href":"https:\/\/wp.billiard-plus.hr\/wp\/wp-json\/wp\/v2\/product"}],"about":[{"href":"https:\/\/wp.billiard-plus.hr\/wp\/wp-json\/wp\/v2\/types\/product"}],"wp:featuredmedia":[{"embeddable":true,"href":"https:\/\/wp.billiard-plus.hr\/wp\/wp-json\/wp\/v2\/media\/2538"}],"wp:attachment":[{"href":"https:\/\/wp.billiard-plus.hr\/wp\/wp-json\/wp\/v2\/media?parent=2537"}],"wp:term":[{"taxonomy":"product_brand","embeddable":true,"href":"https:\/\/wp.billiard-plus.hr\/wp\/wp-json\/wp\/v2\/product_brand?post=2537"},{"taxonomy":"product_cat","embeddable":true,"href":"https:\/\/wp.billiard-plus.hr\/wp\/wp-json\/wp\/v2\/product_cat?post=2537"},{"taxonomy":"product_tag","embeddable":true,"href":"https:\/\/wp.billiard-plus.hr\/wp\/wp-json\/wp\/v2\/product_tag?post=2537"}],"curies":[{"name":"wp","href":"https:\/\/api.w.org\/{rel}","templated":true}]}}