{"id":2970,"date":"2020-05-18T16:39:53","date_gmt":"2020-05-18T14:39:53","guid":{"rendered":"https:\/\/wp.billiard-plus.hr\/wp\/?post_type=product&#038;p=2970"},"modified":"2023-01-12T16:08:51","modified_gmt":"2023-01-12T15:08:51","slug":"produzetak-bce-classic","status":"publish","type":"product","link":"https:\/\/wp.billiard-plus.hr\/wp\/proizvod\/produzetak-bce-classic","title":{"rendered":"PRODU\u017dETAK BCE CLASSIC"},"content":{"rendered":"<div class=\"std\">\n<p>Kada se \u0161tapom za igru ne mo\u017ee dose\u0107i kugla, potreban je produ\u017eetak. <br \/>\nU produ\u017eetak se jednostavno umetne donji dio \u0161tapa, stegne i odigra udarac.<\/p>\n<p>Duljina 23 cm <br \/>\nPlastika<\/p>\n<p>Unutra\u0161njost podsavljena crvenim filcom za za\u0161titu \u0161tapa<br \/>\nVanjski rukohvat strukturiran radi lak\u0161eg hvata<\/p>\n<p>Odgovara svim biljarskom \u0161tapovima <br \/>\nZa pool, snooker, karambol i druge discipline biljara <br \/>\nLagan je, ne zauzima puno mjesta i lako se stavi u torbu s biljarskim priborom<\/p>\n<p>Boja u stvarnosti mo\u017ee biti razli\u010dita od one na zaslonu. <br \/>\nZadr\u017eavamo pravo izmjene modela i cijene.<\/p>\n<\/div>\n","protected":false},"excerpt":{"rendered":"<p>U cijenu ura\u010dunat PDV<br \/>\nDostava nije ura\u010dunata u cijenu<\/p>\n<p>art.25904<br \/>\nPLASTI\u010cNI PRODU\u017dETAK ZA UMETANJE \u0160TAPA<br \/>\nDuljina 23 cm<\/p>\n","protected":false},"featured_media":2971,"template":"","meta":[],"product_brand":[],"product_cat":[109,128],"product_tag":[],"class_list":{"0":"post-2970","1":"product","2":"type-product","3":"status-publish","4":"has-post-thumbnail","6":"product_cat-pribor-za-stapove","7":"product_cat-produzetak","9":"first","10":"instock","11":"shipping-taxable","12":"purchasable","13":"product-type-simple"},"aioseo_notices":[],"_links":{"self":[{"href":"https:\/\/wp.billiard-plus.hr\/wp\/wp-json\/wp\/v2\/product\/2970","targetHints":{"allow":["GET"]}}],"collection":[{"href":"https:\/\/wp.billiard-plus.hr\/wp\/wp-json\/wp\/v2\/product"}],"about":[{"href":"https:\/\/wp.billiard-plus.hr\/wp\/wp-json\/wp\/v2\/types\/product"}],"wp:featuredmedia":[{"embeddable":true,"href":"https:\/\/wp.billiard-plus.hr\/wp\/wp-json\/wp\/v2\/media\/2971"}],"wp:attachment":[{"href":"https:\/\/wp.billiard-plus.hr\/wp\/wp-json\/wp\/v2\/media?parent=2970"}],"wp:term":[{"taxonomy":"product_brand","embeddable":true,"href":"https:\/\/wp.billiard-plus.hr\/wp\/wp-json\/wp\/v2\/product_brand?post=2970"},{"taxonomy":"product_cat","embeddable":true,"href":"https:\/\/wp.billiard-plus.hr\/wp\/wp-json\/wp\/v2\/product_cat?post=2970"},{"taxonomy":"product_tag","embeddable":true,"href":"https:\/\/wp.billiard-plus.hr\/wp\/wp-json\/wp\/v2\/product_tag?post=2970"}],"curies":[{"name":"wp","href":"https:\/\/api.w.org\/{rel}","templated":true}]}}