{"id":3152,"date":"2020-05-21T12:13:09","date_gmt":"2020-05-21T10:13:09","guid":{"rendered":"https:\/\/wp.billiard-plus.hr\/wp\/?post_type=product&#038;p=3152"},"modified":"2023-06-13T17:19:37","modified_gmt":"2023-06-13T15:19:37","slug":"rukavice-poison-s-m","status":"publish","type":"product","link":"https:\/\/wp.billiard-plus.hr\/wp\/proizvod\/rukavice-poison-s-m","title":{"rendered":"RUKAVICE POISON"},"content":{"rendered":"<p>Rukavica Poison je korisna za po\u010detnike i napredne igra\u010de:<br \/>\n&#8211; \u0160tap bolje klizi preko rukavice<br \/>\n&#8211; Udarac \u0161tapom je precizniji jer nema otpora<br \/>\n&#8211; \u0160tap ne o\u0161te\u0107uje ko\u017eu ruku<br \/>\n&#8211; \u0160titi ruke od prljav\u0161tine sa stola<br \/>\n&#8211; Upija znoj s ruku<\/p>\n<p>Lycra<br \/>\nNa zape\u0161\u0107u zakap\u010danje \u010di\u010dak trakom<\/p>\n<p>Veli\u010dina L\/XL<br \/>\nZa de\u0161njake<br \/>\nRukavica se stavlja na ruku suprotnu od one u kojoj se dr\u017ei \u0161tap<\/p>\n<p>Boja u stvarnosti mo\u017ee biti razli\u010dita od one na zaslonu.<br \/>\nZadr\u017eavamo pravo izmjene modela i cijene.<\/p>\n<p><img decoding=\"async\" src=\"http:\/\/shop.billiard-plus.hr\/media\/wysiwyg\/logo_poison.jpg\" alt=\"\" \/><\/p>\n","protected":false},"excerpt":{"rendered":"<p>U cijenu ura\u010dunat PDV<br \/>\nDostava nije ura\u010dunata u cijenu<\/p>\n<p>art.51560<br \/>\nRUKAVICA ZA DE\u0160NJAKE<br \/>\nVeli\u010dina L\/XL<\/p>\n","protected":false},"featured_media":3153,"template":"","meta":[],"product_brand":[],"product_cat":[109,129],"product_tag":[],"class_list":{"0":"post-3152","1":"product","2":"type-product","3":"status-publish","4":"has-post-thumbnail","6":"product_cat-pribor-za-stapove","7":"product_cat-rukavica","9":"first","10":"instock","11":"shipping-taxable","12":"purchasable","13":"product-type-simple"},"aioseo_notices":[],"_links":{"self":[{"href":"https:\/\/wp.billiard-plus.hr\/wp\/wp-json\/wp\/v2\/product\/3152","targetHints":{"allow":["GET"]}}],"collection":[{"href":"https:\/\/wp.billiard-plus.hr\/wp\/wp-json\/wp\/v2\/product"}],"about":[{"href":"https:\/\/wp.billiard-plus.hr\/wp\/wp-json\/wp\/v2\/types\/product"}],"wp:featuredmedia":[{"embeddable":true,"href":"https:\/\/wp.billiard-plus.hr\/wp\/wp-json\/wp\/v2\/media\/3153"}],"wp:attachment":[{"href":"https:\/\/wp.billiard-plus.hr\/wp\/wp-json\/wp\/v2\/media?parent=3152"}],"wp:term":[{"taxonomy":"product_brand","embeddable":true,"href":"https:\/\/wp.billiard-plus.hr\/wp\/wp-json\/wp\/v2\/product_brand?post=3152"},{"taxonomy":"product_cat","embeddable":true,"href":"https:\/\/wp.billiard-plus.hr\/wp\/wp-json\/wp\/v2\/product_cat?post=3152"},{"taxonomy":"product_tag","embeddable":true,"href":"https:\/\/wp.billiard-plus.hr\/wp\/wp-json\/wp\/v2\/product_tag?post=3152"}],"curies":[{"name":"wp","href":"https:\/\/api.w.org\/{rel}","templated":true}]}}