{"id":3270,"date":"2020-05-26T15:13:03","date_gmt":"2020-05-26T13:13:03","guid":{"rendered":"https:\/\/wp.billiard-plus.hr\/wp\/?post_type=product&#038;p=3270"},"modified":"2024-10-16T13:33:51","modified_gmt":"2024-10-16T11:33:51","slug":"pero-sa-drskom","status":"publish","type":"product","link":"https:\/\/wp.billiard-plus.hr\/wp\/proizvod\/pero-sa-drskom","title":{"rendered":"PERO S DR\u0160KOM"},"content":{"rendered":"<p>Ekonomi\u010dno pero za pikado <br \/>\nZa ugostitelje, postavlja\u010de i rekreaciju<\/p>\n<p>Pero i dr\u017eak iz jednog dijela<br \/>\n\u010cvrsta izdr\u017eljiva plastika koja ne gubi oblik<br \/>\nNema o\u0161tre rubove <br \/>\nNavoj 2BA &#8211; 4 mm<\/p>\n<p>Hrvatski proizvod <br \/>\nPrilago\u0111eno \u017eeljama hrvatskih potro\u0161a\u010da<\/p>\n<p>Boja u stvarnosti mo\u017ee biti razli\u010dita od one na zaslonu.<br \/>\nZadr\u017eavamo pravo izmjene modela, boje i cijene.<\/p>\n","protected":false},"excerpt":{"rendered":"<p>U cijenu ura\u010dunat PDV<br \/>\nDostava nije ura\u010dunata u cijenu<\/p>\n<p>art.15000<br \/>\nPERO ZA PIKADO S DR\u0160KOM<br \/>\nEkonomi\u010dna cijena<\/p>\n","protected":false},"featured_media":3275,"template":"","meta":[],"product_brand":[],"product_cat":[186,203,38],"product_tag":[],"class_list":{"0":"post-3270","1":"product","2":"type-product","3":"status-publish","4":"has-post-thumbnail","6":"product_cat-pikado-pera","7":"product_cat-pero-s-drskom","8":"product_cat-pikado","10":"first","11":"instock","12":"shipping-taxable","13":"purchasable","14":"product-type-variable"},"aioseo_notices":[],"_links":{"self":[{"href":"https:\/\/wp.billiard-plus.hr\/wp\/wp-json\/wp\/v2\/product\/3270","targetHints":{"allow":["GET"]}}],"collection":[{"href":"https:\/\/wp.billiard-plus.hr\/wp\/wp-json\/wp\/v2\/product"}],"about":[{"href":"https:\/\/wp.billiard-plus.hr\/wp\/wp-json\/wp\/v2\/types\/product"}],"wp:featuredmedia":[{"embeddable":true,"href":"https:\/\/wp.billiard-plus.hr\/wp\/wp-json\/wp\/v2\/media\/3275"}],"wp:attachment":[{"href":"https:\/\/wp.billiard-plus.hr\/wp\/wp-json\/wp\/v2\/media?parent=3270"}],"wp:term":[{"taxonomy":"product_brand","embeddable":true,"href":"https:\/\/wp.billiard-plus.hr\/wp\/wp-json\/wp\/v2\/product_brand?post=3270"},{"taxonomy":"product_cat","embeddable":true,"href":"https:\/\/wp.billiard-plus.hr\/wp\/wp-json\/wp\/v2\/product_cat?post=3270"},{"taxonomy":"product_tag","embeddable":true,"href":"https:\/\/wp.billiard-plus.hr\/wp\/wp-json\/wp\/v2\/product_tag?post=3270"}],"curies":[{"name":"wp","href":"https:\/\/api.w.org\/{rel}","templated":true}]}}