{"id":3313,"date":"2020-05-26T16:34:25","date_gmt":"2020-05-26T14:34:25","guid":{"rendered":"https:\/\/wp.billiard-plus.hr\/wp\/?post_type=product&#038;p=3313"},"modified":"2023-01-09T16:23:39","modified_gmt":"2023-01-09T15:23:39","slug":"kutija-za-pikado-slim-crna","status":"publish","type":"product","link":"https:\/\/wp.billiard-plus.hr\/wp\/proizvod\/kutija-za-pikado-slim-crna","title":{"rendered":"KUTIJA ZA PIKADO SLIM CRNA"},"content":{"rendered":"<div class=\"std\">\n<p>Pikado strelice i pribor je po\u017eeljno \u010duvati u odgovaraju\u0107oj kutiji, futroli ili torbici. <br \/>\nVrhovi, pera i dr\u0161ci se tada ne\u0107e savijati i lomiti.<\/p>\n<p>Prakti\u010dna manja \u010dvrsta podstavljena kutija u kojoj se mo\u017ee dr\u017eati: <br \/>\n&#8211; 1 set strelica <br \/>\n&#8211; nekoliko setova pera <br \/>\n&#8211; dr\u0161ci &#8211; vrhovi &#8211; pribor<\/p>\n<p>Podstavljena unutra\u0161njost: <br \/>\n&#8211; utori za 1 set strelica <br \/>\n&#8211; plasti\u010dni umetak za vrhove strelica <br \/>\n&#8211; \u0161titi od savijanja <br \/>\n&#8211; 2 utora za pera <br \/>\n&#8211; utori za dr\u0161ke (shaftove)<\/p>\n<p>Veli\u010dina 12,5 x 6 x 2 cm<\/p>\n<p>Strelice, pribor, pera, dr\u0161ci i vrhovi nisu uklju\u010deni u cijenu. <br \/>\nBoja u stvarnosti mo\u017ee biti razli\u010dita od one na zaslonu. <br \/>\nZadr\u017eavamo pravo izmjene modela, oblika, loga i cijene.<\/p>\n<p>Pikado je sport za odrasle. Nije igra\u010dka. Djeca ga ne smiju upotrebljavati bez nadzora odrasle osobe. Nije primjereno za djecu do 3 godine zbog manjih dijelova koje mogu progutati. Na elektronskoj meti igrati isklju\u010divo sa strelicama s plasti\u010dnim vrhovima. Ne igrati sa strelicama koje imaju metalne vrhove.<\/p>\n<\/div>\n","protected":false},"excerpt":{"rendered":"<p>U cijenu ura\u010dunat PDV<br \/>\nDostava nije ura\u010dunata u cijenu<\/p>\n<p>art.18551<br \/>\nMALA PLASTI\u010cNA KUTIJA ZA DR\u017dANJE PIKADO STRELICA I PRIBORA<br \/>\nZa 1 set strelica + pribor<\/p>\n","protected":false},"featured_media":3315,"template":"","meta":[],"product_brand":[],"product_cat":[215,38,188],"product_tag":[],"class_list":{"0":"post-3313","1":"product","2":"type-product","3":"status-publish","4":"has-post-thumbnail","6":"product_cat-kutija","7":"product_cat-pikado","8":"product_cat-pribor-za-strelice-pikado","10":"first","11":"instock","12":"shipping-taxable","13":"purchasable","14":"product-type-simple"},"aioseo_notices":[],"_links":{"self":[{"href":"https:\/\/wp.billiard-plus.hr\/wp\/wp-json\/wp\/v2\/product\/3313","targetHints":{"allow":["GET"]}}],"collection":[{"href":"https:\/\/wp.billiard-plus.hr\/wp\/wp-json\/wp\/v2\/product"}],"about":[{"href":"https:\/\/wp.billiard-plus.hr\/wp\/wp-json\/wp\/v2\/types\/product"}],"wp:featuredmedia":[{"embeddable":true,"href":"https:\/\/wp.billiard-plus.hr\/wp\/wp-json\/wp\/v2\/media\/3315"}],"wp:attachment":[{"href":"https:\/\/wp.billiard-plus.hr\/wp\/wp-json\/wp\/v2\/media?parent=3313"}],"wp:term":[{"taxonomy":"product_brand","embeddable":true,"href":"https:\/\/wp.billiard-plus.hr\/wp\/wp-json\/wp\/v2\/product_brand?post=3313"},{"taxonomy":"product_cat","embeddable":true,"href":"https:\/\/wp.billiard-plus.hr\/wp\/wp-json\/wp\/v2\/product_cat?post=3313"},{"taxonomy":"product_tag","embeddable":true,"href":"https:\/\/wp.billiard-plus.hr\/wp\/wp-json\/wp\/v2\/product_tag?post=3313"}],"curies":[{"name":"wp","href":"https:\/\/api.w.org\/{rel}","templated":true}]}}