{"id":3339,"date":"2020-05-26T17:42:03","date_gmt":"2020-05-26T15:42:03","guid":{"rendered":"https:\/\/wp.billiard-plus.hr\/wp\/?post_type=product&#038;p=3339"},"modified":"2023-01-09T15:46:21","modified_gmt":"2023-01-09T14:46:21","slug":"futrola-the-pak","status":"publish","type":"product","link":"https:\/\/wp.billiard-plus.hr\/wp\/proizvod\/futrola-the-pak","title":{"rendered":"FUTROLA THE PAK"},"content":{"rendered":"<p>Pikado strelice i pribor je po\u017eeljno \u010duvati u odgovaraju\u0107oj kutiji, futroli ili torbici.<br \/>\nVrhovi, pera i dr\u0161ci se tada ne\u0107e savijati i lomiti.<\/p>\n<p>Prakti\u010dna \u010dvrsta podstavljena torbica s patentnim zatvara\u010dem u kojoj se mo\u017ee dr\u017eati:<br \/>\n&#8211; 1 set strelica<br \/>\n&#8211; nekoliko setova pera<br \/>\n&#8211; dr\u0161ci<br \/>\n&#8211; vrhovi<br \/>\n&#8211; pribor<\/p>\n<p>Unutra\u0161njost od \u010dvrste plastike :<br \/>\n&#8211; spu\u017evasti utori za 1 set strelica &#8211; pera nije potrebno skidati s dr\u0161ka<br \/>\n&#8211; 3 reda d\u017eepova za pera<br \/>\n&#8211; 3 reda d\u017eepova za dr\u0161ke (shaftove)<br \/>\n&#8211; tuba za vrhove<\/p>\n<p>Tkanina od umjetnih vlakana<\/p>\n<p>Strelice, pribor, pera, dr\u0161ci i vrhovi nisu uklju\u010deni u cijenu.<br \/>\nBoja u stvarnosti mo\u017ee biti razli\u010dita od one na zaslonu.<br \/>\nZadr\u017eavamo pravo izmjene modela, oblika, loga i cijene.<\/p>\n<p>Pikado je sport za odrasle. Nije igra\u010dka. Djeca ga ne smiju upotrebljavati bez nadzora odrasle osobe. Nije primjereno za djecu do 3 godine zbog manjih dijelova koje mogu progutati. <br \/>\nNa elektronskoj meti igrati isklju\u010divo strelicama s plasti\u010dnim vrhovima. Ne igrati strelicama koje imaju metalne vrhove.<\/p>\n","protected":false},"excerpt":{"rendered":"<p>U cijenu ura\u010dunat PDV<br \/>\nDostava nije ura\u010dunata u cijenu<\/p>\n<p>art.18512<br \/>\n\u010cVRSTA FUTROLA ZA PIKADO STRELICE<br \/>\nZa 1 set strelica + pribor + tuba za vrhove<\/p>\n","protected":false},"featured_media":3347,"template":"","meta":[],"product_brand":[],"product_cat":[215,38,188],"product_tag":[],"class_list":{"0":"post-3339","1":"product","2":"type-product","3":"status-publish","4":"has-post-thumbnail","6":"product_cat-kutija","7":"product_cat-pikado","8":"product_cat-pribor-za-strelice-pikado","10":"first","11":"instock","12":"shipping-taxable","13":"purchasable","14":"product-type-variable"},"aioseo_notices":[],"_links":{"self":[{"href":"https:\/\/wp.billiard-plus.hr\/wp\/wp-json\/wp\/v2\/product\/3339","targetHints":{"allow":["GET"]}}],"collection":[{"href":"https:\/\/wp.billiard-plus.hr\/wp\/wp-json\/wp\/v2\/product"}],"about":[{"href":"https:\/\/wp.billiard-plus.hr\/wp\/wp-json\/wp\/v2\/types\/product"}],"wp:featuredmedia":[{"embeddable":true,"href":"https:\/\/wp.billiard-plus.hr\/wp\/wp-json\/wp\/v2\/media\/3347"}],"wp:attachment":[{"href":"https:\/\/wp.billiard-plus.hr\/wp\/wp-json\/wp\/v2\/media?parent=3339"}],"wp:term":[{"taxonomy":"product_brand","embeddable":true,"href":"https:\/\/wp.billiard-plus.hr\/wp\/wp-json\/wp\/v2\/product_brand?post=3339"},{"taxonomy":"product_cat","embeddable":true,"href":"https:\/\/wp.billiard-plus.hr\/wp\/wp-json\/wp\/v2\/product_cat?post=3339"},{"taxonomy":"product_tag","embeddable":true,"href":"https:\/\/wp.billiard-plus.hr\/wp\/wp-json\/wp\/v2\/product_tag?post=3339"}],"curies":[{"name":"wp","href":"https:\/\/api.w.org\/{rel}","templated":true}]}}