{"id":3646,"date":"2020-06-09T22:52:14","date_gmt":"2020-06-09T20:52:14","guid":{"rendered":"https:\/\/wp.billiard-plus.hr\/wp\/?post_type=product&#038;p=3646"},"modified":"2023-10-27T11:35:50","modified_gmt":"2023-10-27T09:35:50","slug":"gumica-za-vrh-sipke-16-mm","status":"publish","type":"product","link":"https:\/\/wp.billiard-plus.hr\/wp\/proizvod\/gumica-za-vrh-sipke-16-mm","title":{"rendered":"GUMICA ZA VRH \u0160IPKE 16 MM"},"content":{"rendered":"<p>Gumica za vrh \u0161ipke stolnog nogometa Unutarnji promjer 11 mm Debljina 1 mm Boja u stvarnosti mo\u017ee biti razli\u010dita od one na zaslonu. Zadr\u017eavamo pravo izmjene modela i cijene.<\/p>\n","protected":false},"excerpt":{"rendered":"<p>U cijenu ura\u010dunat PDV<br \/>\nDostava nije ura\u010dunata u cijenu<\/p>\n<p>art.63406<br \/>\nGUMICA ZA VRH \u0160IPKE STOLNOG NOGOMETA PROMJERA 16 MM<br \/>\nUnutarnji promjer 16 mm<\/p>\n","protected":false},"featured_media":3647,"template":"","meta":[],"product_brand":[],"product_cat":[222,230,41],"product_tag":[],"class_list":{"0":"post-3646","1":"product","2":"type-product","3":"status-publish","4":"has-post-thumbnail","6":"product_cat-dijelovi-stolni-nogomet","7":"product_cat-ostali-dijelovi","8":"product_cat-stolni-nogomet","10":"first","11":"instock","12":"shipping-taxable","13":"purchasable","14":"product-type-simple"},"aioseo_notices":[],"_links":{"self":[{"href":"https:\/\/wp.billiard-plus.hr\/wp\/wp-json\/wp\/v2\/product\/3646","targetHints":{"allow":["GET"]}}],"collection":[{"href":"https:\/\/wp.billiard-plus.hr\/wp\/wp-json\/wp\/v2\/product"}],"about":[{"href":"https:\/\/wp.billiard-plus.hr\/wp\/wp-json\/wp\/v2\/types\/product"}],"wp:featuredmedia":[{"embeddable":true,"href":"https:\/\/wp.billiard-plus.hr\/wp\/wp-json\/wp\/v2\/media\/3647"}],"wp:attachment":[{"href":"https:\/\/wp.billiard-plus.hr\/wp\/wp-json\/wp\/v2\/media?parent=3646"}],"wp:term":[{"taxonomy":"product_brand","embeddable":true,"href":"https:\/\/wp.billiard-plus.hr\/wp\/wp-json\/wp\/v2\/product_brand?post=3646"},{"taxonomy":"product_cat","embeddable":true,"href":"https:\/\/wp.billiard-plus.hr\/wp\/wp-json\/wp\/v2\/product_cat?post=3646"},{"taxonomy":"product_tag","embeddable":true,"href":"https:\/\/wp.billiard-plus.hr\/wp\/wp-json\/wp\/v2\/product_tag?post=3646"}],"curies":[{"name":"wp","href":"https:\/\/api.w.org\/{rel}","templated":true}]}}