{"id":3765,"date":"2020-06-14T00:12:27","date_gmt":"2020-06-13T22:12:27","guid":{"rendered":"https:\/\/wp.billiard-plus.hr\/wp\/?post_type=product&#038;p=3765"},"modified":"2023-01-04T13:20:44","modified_gmt":"2023-01-04T12:20:44","slug":"poster-tom-cruise","status":"publish","type":"product","link":"https:\/\/wp.billiard-plus.hr\/wp\/proizvod\/poster-tom-cruise","title":{"rendered":"POSTER TOM CRUISE"},"content":{"rendered":"<p>Poster s temom biljara \u0107e naglasiti onaj pravi biljarski ugo\u0111aj u prostoriji s biljarom Tom Cruise u jednom od svojih prvih filmova &#8220;The Color of Money&#8221; iz 1986. godine glumi talentiranog, ali neiskusnog igra\u010da biljara. Filmski velikan Paul Newman glumi starijeg igra\u010da biljara koji Toma podu\u010dava kako igrati biljar za novce. Cruise je sam izveo ve\u0107inu svojih udaraca. U filmu se redovito spominje biljarski Stradivari &#8211; \u0161tap George Balabushka. Paul Newman je za ulogu osvojio Oscara za najboljeg glumca. Poster tiskan na papiru Veli\u010dina 56 x 76 cm Poster nije uokviren. Boja u stvarnosti mo\u017ee biti razli\u010dita od one na zaslonu. Zadr\u017eavamo pravo izmjene modela, veli\u010dine i cijene.<\/p>\n","protected":false},"excerpt":{"rendered":"<p>U cijenu ura\u010dunat PDV<br \/>\nDostava nije ura\u010dunata u cijenu<\/p>\n<p>art.50016<br \/>\nPOSTER S BILJARSKIM MOTIVOM IZ FILMA &#8220;BOJA NOVCA&#8221;<br \/>\n56 x 76 cm<\/p>\n","protected":false},"featured_media":3766,"template":"","meta":[],"product_brand":[],"product_cat":[235,247,236],"product_tag":[],"class_list":{"0":"post-3765","1":"product","2":"type-product","3":"status-publish","4":"has-post-thumbnail","6":"product_cat-dekoracije-pokloni","7":"product_cat-poster","8":"product_cat-uredenje-prostora","10":"first","11":"instock","12":"shipping-taxable","13":"purchasable","14":"product-type-simple"},"aioseo_notices":[],"_links":{"self":[{"href":"https:\/\/wp.billiard-plus.hr\/wp\/wp-json\/wp\/v2\/product\/3765","targetHints":{"allow":["GET"]}}],"collection":[{"href":"https:\/\/wp.billiard-plus.hr\/wp\/wp-json\/wp\/v2\/product"}],"about":[{"href":"https:\/\/wp.billiard-plus.hr\/wp\/wp-json\/wp\/v2\/types\/product"}],"wp:featuredmedia":[{"embeddable":true,"href":"https:\/\/wp.billiard-plus.hr\/wp\/wp-json\/wp\/v2\/media\/3766"}],"wp:attachment":[{"href":"https:\/\/wp.billiard-plus.hr\/wp\/wp-json\/wp\/v2\/media?parent=3765"}],"wp:term":[{"taxonomy":"product_brand","embeddable":true,"href":"https:\/\/wp.billiard-plus.hr\/wp\/wp-json\/wp\/v2\/product_brand?post=3765"},{"taxonomy":"product_cat","embeddable":true,"href":"https:\/\/wp.billiard-plus.hr\/wp\/wp-json\/wp\/v2\/product_cat?post=3765"},{"taxonomy":"product_tag","embeddable":true,"href":"https:\/\/wp.billiard-plus.hr\/wp\/wp-json\/wp\/v2\/product_tag?post=3765"}],"curies":[{"name":"wp","href":"https:\/\/api.w.org\/{rel}","templated":true}]}}