{"id":3790,"date":"2020-06-14T22:54:40","date_gmt":"2020-06-14T20:54:40","guid":{"rendered":"https:\/\/wp.billiard-plus.hr\/wp\/?post_type=product&#038;p=3790"},"modified":"2023-01-04T13:08:54","modified_gmt":"2023-01-04T12:08:54","slug":"poster-antika","status":"publish","type":"product","link":"https:\/\/wp.billiard-plus.hr\/wp\/proizvod\/poster-antika","title":{"rendered":"POSTER ANTIKA"},"content":{"rendered":"<p>Poster s temom biljara \u0107e naglasiti onaj pravi biljarski ugo\u0111aj u prostoriji s biljarom Poster tiskan na papiru Veli\u010dina 70 x 50 cm Poster nije uokviren. Boja u stvarnosti mo\u017ee biti razli\u010dita od one na zaslonu. Zadr\u017eavamo pravo izmjene modela, veli\u010dine i cijene.<\/p>\n","protected":false},"excerpt":{"rendered":"<p>U cijenu ura\u010dunat PDV<br \/>\nDostava nije ura\u010dunata u cijenu<\/p>\n<p>art.50030<br \/>\nPOSTER S BILJARSKIM MOTIVOM<br \/>\n70 x 50 cm<\/p>\n","protected":false},"featured_media":3791,"template":"","meta":[],"product_brand":[],"product_cat":[235,247,236],"product_tag":[],"class_list":{"0":"post-3790","1":"product","2":"type-product","3":"status-publish","4":"has-post-thumbnail","6":"product_cat-dekoracije-pokloni","7":"product_cat-poster","8":"product_cat-uredenje-prostora","10":"first","11":"onbackorder","12":"shipping-taxable","13":"purchasable","14":"product-type-simple"},"aioseo_notices":[],"_links":{"self":[{"href":"https:\/\/wp.billiard-plus.hr\/wp\/wp-json\/wp\/v2\/product\/3790","targetHints":{"allow":["GET"]}}],"collection":[{"href":"https:\/\/wp.billiard-plus.hr\/wp\/wp-json\/wp\/v2\/product"}],"about":[{"href":"https:\/\/wp.billiard-plus.hr\/wp\/wp-json\/wp\/v2\/types\/product"}],"wp:featuredmedia":[{"embeddable":true,"href":"https:\/\/wp.billiard-plus.hr\/wp\/wp-json\/wp\/v2\/media\/3791"}],"wp:attachment":[{"href":"https:\/\/wp.billiard-plus.hr\/wp\/wp-json\/wp\/v2\/media?parent=3790"}],"wp:term":[{"taxonomy":"product_brand","embeddable":true,"href":"https:\/\/wp.billiard-plus.hr\/wp\/wp-json\/wp\/v2\/product_brand?post=3790"},{"taxonomy":"product_cat","embeddable":true,"href":"https:\/\/wp.billiard-plus.hr\/wp\/wp-json\/wp\/v2\/product_cat?post=3790"},{"taxonomy":"product_tag","embeddable":true,"href":"https:\/\/wp.billiard-plus.hr\/wp\/wp-json\/wp\/v2\/product_tag?post=3790"}],"curies":[{"name":"wp","href":"https:\/\/api.w.org\/{rel}","templated":true}]}}