{"id":4057,"date":"2020-07-03T23:48:24","date_gmt":"2020-07-03T21:48:24","guid":{"rendered":"https:\/\/wp.billiard-plus.hr\/wp\/?post_type=product&#038;p=4057"},"modified":"2023-01-02T13:49:12","modified_gmt":"2023-01-02T12:49:12","slug":"niveliranje-biljara","status":"publish","type":"product","link":"https:\/\/wp.billiard-plus.hr\/wp\/proizvod\/niveliranje-biljara","title":{"rendered":"NIVELIRANJE BILJARA"},"content":{"rendered":"<div class=\"std\">\n<p>Stru\u010dno niveliranje svih modela i veli\u010dina biljara<\/p>\n<p>Biljar ponekad mo\u017ee &#8220;visiti&#8221; \u0161to utje\u010de na kvalitetu igre. <br \/>\nPotrebno ga je povremeno nivelirati.<\/p>\n<p>Rad u gradu Zagrebu. <br \/>\nIzlazak na teren se napla\u0107uje.<\/p>\n<p>Zadr\u017eavamo pravo izmjene cijene.<\/p>\n<\/div>\n","protected":false},"excerpt":{"rendered":"<p>U cijenu ura\u010dunat PDV<\/p>\n<p>\nSTRU\u010cNO NIVELIRANJE BILJARA<br \/>\nSve veli\u010dine i modeli biljara<\/p>\n","protected":false},"featured_media":4058,"template":"","meta":[],"product_brand":[],"product_cat":[261,258],"product_tag":[],"class_list":{"0":"post-4057","1":"product","2":"type-product","3":"status-publish","4":"has-post-thumbnail","6":"product_cat-servis","7":"product_cat-usluge","9":"first","10":"instock","11":"shipping-taxable","12":"purchasable","13":"product-type-simple"},"aioseo_notices":[],"_links":{"self":[{"href":"https:\/\/wp.billiard-plus.hr\/wp\/wp-json\/wp\/v2\/product\/4057","targetHints":{"allow":["GET"]}}],"collection":[{"href":"https:\/\/wp.billiard-plus.hr\/wp\/wp-json\/wp\/v2\/product"}],"about":[{"href":"https:\/\/wp.billiard-plus.hr\/wp\/wp-json\/wp\/v2\/types\/product"}],"wp:featuredmedia":[{"embeddable":true,"href":"https:\/\/wp.billiard-plus.hr\/wp\/wp-json\/wp\/v2\/media\/4058"}],"wp:attachment":[{"href":"https:\/\/wp.billiard-plus.hr\/wp\/wp-json\/wp\/v2\/media?parent=4057"}],"wp:term":[{"taxonomy":"product_brand","embeddable":true,"href":"https:\/\/wp.billiard-plus.hr\/wp\/wp-json\/wp\/v2\/product_brand?post=4057"},{"taxonomy":"product_cat","embeddable":true,"href":"https:\/\/wp.billiard-plus.hr\/wp\/wp-json\/wp\/v2\/product_cat?post=4057"},{"taxonomy":"product_tag","embeddable":true,"href":"https:\/\/wp.billiard-plus.hr\/wp\/wp-json\/wp\/v2\/product_tag?post=4057"}],"curies":[{"name":"wp","href":"https:\/\/api.w.org\/{rel}","templated":true}]}}