{"id":5398,"date":"2023-02-18T18:44:45","date_gmt":"2023-02-18T17:44:45","guid":{"rendered":"https:\/\/wp.billiard-plus.hr\/wp\/?post_type=product&#038;p=5398"},"modified":"2023-02-26T18:56:18","modified_gmt":"2023-02-26T17:56:18","slug":"igra-jenga-bor","status":"publish","type":"product","link":"https:\/\/wp.billiard-plus.hr\/wp\/proizvod\/igra-jenga-bor","title":{"rendered":"IGRA JENGA BOR"},"content":{"rendered":"<p>Jenga je zaista zabavna i uzbudljiva obiteljska igra \u017eivaca i mirne ruke. Svaki igra\u010d uzima blok od borovog drveta sa slo\u017eenog tornja i vra\u0107a ga na vrh \u010dime toranj postaje sve klimaviji, a igra zavr\u0161ava kad toranj padne.<\/p>\n<p>Veli\u010dina 285x75x75 mm<br \/>\nMinimalno igra\u010da: 2<\/p>\n<p>Pogledajte i na\u0161e <a href=\"https:\/\/wp.billiard-plus.hr\/wp\/product-category\/drustvene-igre\">ostale dru\u0161tvene igre<\/a>.<\/p>\n<p>Upozorenje! Ova igra nije prikladna za djecu mla\u0111u od 3 godine zbog malih dijelova igre.<\/p>\n<p>Boja u stvarnosti mo\u017ee biti razli\u010dita od one na zaslonu.<br \/>\nZadr\u017eavamo pravo izmjene modela, opreme i cijene.<\/p>\n","protected":false},"excerpt":{"rendered":"<p>U cijenu ura\u010dunat PDV<br \/>\nDostava nije ura\u010dunata u cijenu<\/p>\n<p>SET ZA IGRU OD DRVA BORA<\/p>\n<p>Veli\u010dina 285x75x75 mm<\/p>\n<p>art.51260<\/p>\n","protected":false},"featured_media":5399,"template":"","meta":[],"product_brand":[],"product_cat":[486,516],"product_tag":[518],"class_list":{"0":"post-5398","1":"product","2":"type-product","3":"status-publish","4":"has-post-thumbnail","6":"product_cat-drustvene-igre","7":"product_cat-drustvene-igre-pojedinacne-igre","8":"product_tag-drustvene-igre","10":"first","11":"instock","12":"shipping-taxable","13":"purchasable","14":"product-type-simple"},"aioseo_notices":[],"_links":{"self":[{"href":"https:\/\/wp.billiard-plus.hr\/wp\/wp-json\/wp\/v2\/product\/5398","targetHints":{"allow":["GET"]}}],"collection":[{"href":"https:\/\/wp.billiard-plus.hr\/wp\/wp-json\/wp\/v2\/product"}],"about":[{"href":"https:\/\/wp.billiard-plus.hr\/wp\/wp-json\/wp\/v2\/types\/product"}],"wp:featuredmedia":[{"embeddable":true,"href":"https:\/\/wp.billiard-plus.hr\/wp\/wp-json\/wp\/v2\/media\/5399"}],"wp:attachment":[{"href":"https:\/\/wp.billiard-plus.hr\/wp\/wp-json\/wp\/v2\/media?parent=5398"}],"wp:term":[{"taxonomy":"product_brand","embeddable":true,"href":"https:\/\/wp.billiard-plus.hr\/wp\/wp-json\/wp\/v2\/product_brand?post=5398"},{"taxonomy":"product_cat","embeddable":true,"href":"https:\/\/wp.billiard-plus.hr\/wp\/wp-json\/wp\/v2\/product_cat?post=5398"},{"taxonomy":"product_tag","embeddable":true,"href":"https:\/\/wp.billiard-plus.hr\/wp\/wp-json\/wp\/v2\/product_tag?post=5398"}],"curies":[{"name":"wp","href":"https:\/\/api.w.org\/{rel}","templated":true}]}}