{"id":5672,"date":"2023-03-23T21:08:35","date_gmt":"2023-03-23T20:08:35","guid":{"rendered":"https:\/\/wp.billiard-plus.hr\/wp\/?post_type=product&#038;p=5672"},"modified":"2024-07-04T17:20:07","modified_gmt":"2024-07-04T15:20:07","slug":"biljarsko-platno-simonis-760-zutozeleno-s-165","status":"publish","type":"product","link":"https:\/\/wp.billiard-plus.hr\/wp\/proizvod\/biljarsko-platno-simonis-760-zutozeleno-s-165","title":{"rendered":"BILJARSKO PLATNO SIMONIS 760 \u017dUTOZELENO \u0160.165"},"content":{"rendered":"<p>Kvalitetno turnirsko brzo platno za pool biljar poznatog i priznatog proizvo\u0111a\u010da Iwan Simonis Billiard Cloth, osnovanog davne 1680. godine.<\/p>\n<p>70% vuna + 30% nylon<br \/>\n355g\/m2<br \/>\n\u0161irina 165 cm<br \/>\ncijena 92 EUR za du\u017eni metar<\/p>\n<p>boja: \u017euto zelena<\/p>\n<p>Preporu\u010damo <a href=\"http:\/\/shop.billiard-plus.hr\/index.php\/usluge\/zamjena-biljarsko-platno.html\" target=\"_blank\" rel=\"noopener\">stru\u010dnu zamjenu platna<\/a><\/p>\n<p>Preporu\u010damo startnu to\u010dku <a href=\"http:\/\/shop.billiard-plus.hr\/47935.html\" target=\"_blank\" rel=\"noopener\">47935<\/a> ili <a href=\"http:\/\/shop.billiard-plus.hr\/47960.html\" target=\"_blank\" rel=\"noopener\">47960<\/a><\/p>\n<p>Preporu\u010damo kredu u plavoj boji <a href=\"http:\/\/shop.billiard-plus.hr\/34020.html\" target=\"_blank\" rel=\"noopener\">34020<\/a>, <a href=\"http:\/\/shop.billiard-plus.hr\/34012.html\" target=\"_blank\" rel=\"noopener\">34012<\/a>, <a href=\"http:\/\/shop.billiard-plus.hr\/34112.html\" target=\"_blank\" rel=\"noopener\">34112<\/a> i <a href=\"http:\/\/shop.billiard-plus.hr\/34212.html\" target=\"_blank\" rel=\"noopener\">34212<\/a><\/p>\n<p>Boja u stvarnosti mo\u017ee biti razli\u010dita od one na zaslonu. <br \/>\nZadr\u017eavamo pravo izmjene modela, \u0161irine, te\u017eine, sastava, boje i cijene.<\/p>\n<p>&nbsp;<\/p>\n","protected":false},"excerpt":{"rendered":"<p>U cijenu ura\u010dunat PDV<br \/>\nDostava nije ura\u010dunata u cijenu<\/p>\n<p>art.47010<br \/>\nNATJECATELJSKO PLATNO ZA POOL BILJAR<\/p>\n<div>\u00a0<\/div>\n<div>\u00a0<\/div>\n<p>&nbsp;<\/p>\n","protected":false},"featured_media":5673,"template":"","meta":[],"product_brand":[],"product_cat":[39,113,142,493],"product_tag":[485],"class_list":{"0":"post-5672","1":"product","2":"type-product","3":"status-publish","4":"has-post-thumbnail","6":"product_cat-biljar","7":"product_cat-biljarsko-platno","8":"product_cat-pool-platno","9":"product_cat-platno-simonis","10":"product_tag-biljar","12":"first","13":"instock","14":"shipping-taxable","15":"purchasable","16":"product-type-simple"},"aioseo_notices":[],"_links":{"self":[{"href":"https:\/\/wp.billiard-plus.hr\/wp\/wp-json\/wp\/v2\/product\/5672","targetHints":{"allow":["GET"]}}],"collection":[{"href":"https:\/\/wp.billiard-plus.hr\/wp\/wp-json\/wp\/v2\/product"}],"about":[{"href":"https:\/\/wp.billiard-plus.hr\/wp\/wp-json\/wp\/v2\/types\/product"}],"wp:featuredmedia":[{"embeddable":true,"href":"https:\/\/wp.billiard-plus.hr\/wp\/wp-json\/wp\/v2\/media\/5673"}],"wp:attachment":[{"href":"https:\/\/wp.billiard-plus.hr\/wp\/wp-json\/wp\/v2\/media?parent=5672"}],"wp:term":[{"taxonomy":"product_brand","embeddable":true,"href":"https:\/\/wp.billiard-plus.hr\/wp\/wp-json\/wp\/v2\/product_brand?post=5672"},{"taxonomy":"product_cat","embeddable":true,"href":"https:\/\/wp.billiard-plus.hr\/wp\/wp-json\/wp\/v2\/product_cat?post=5672"},{"taxonomy":"product_tag","embeddable":true,"href":"https:\/\/wp.billiard-plus.hr\/wp\/wp-json\/wp\/v2\/product_tag?post=5672"}],"curies":[{"name":"wp","href":"https:\/\/api.w.org\/{rel}","templated":true}]}}