{"id":5796,"date":"2023-05-02T09:34:21","date_gmt":"2023-05-02T07:34:21","guid":{"rendered":"https:\/\/wp.billiard-plus.hr\/wp\/?post_type=product&#038;p=5796"},"modified":"2023-06-12T14:13:15","modified_gmt":"2023-06-12T12:13:15","slug":"drveni-trokut-boje-kestena-572-mm","status":"publish","type":"product","link":"https:\/\/wp.billiard-plus.hr\/wp\/proizvod\/drveni-trokut-boje-kestena-572-mm","title":{"rendered":"DRVENI TROKUT BOJE KESTENA 57,2 MM"},"content":{"rendered":"<p>DRVENI TROKUT BOJE KESTENA ZA POOL BILJAR<br \/>\nZa kugle promjera 57,2 m<\/p>\n<p>Ovaj visokokvalitetni drveni trokut za 8-Ball boje kestena sigurno \u0107e nadopuniti svaki stol za bilijar ili sobu za igru; s oja\u010danim kutnim \u0161titnicima.<\/p>\n<p>art.40010<\/p>\n<p>U cijenu ura\u010dunat PDV<br \/>\nDostava nije ura\u010dunata u cijenu<\/p>\n","protected":false},"excerpt":{"rendered":"<ul style=\"list-style-type: circle;\">\n<li>Trokut za 8-Ball visoke kvalitete<\/li>\n<li>Luksuzni drveni dizajn<\/li>\n<li>Poja\u010dani kutni \u0161titnici<\/li>\n<\/ul>\n<p>Boja u stvarnosti mo\u017ee biti razli\u010dita od one na zaslonu.<br \/>\nZadr\u017eavamo pravo izmjene modela i cijene.<\/p>\n","protected":false},"featured_media":5820,"template":"","meta":[],"product_brand":[],"product_cat":[108,111],"product_tag":[485,510,563],"class_list":{"0":"post-5796","1":"product","2":"type-product","3":"status-publish","4":"has-post-thumbnail","6":"product_cat-pribor-za-stolove","7":"product_cat-trokut-romb","8":"product_tag-biljar","9":"product_tag-pool","10":"product_tag-trokut","12":"first","13":"instock","14":"shipping-taxable","15":"purchasable","16":"product-type-simple"},"aioseo_notices":[],"_links":{"self":[{"href":"https:\/\/wp.billiard-plus.hr\/wp\/wp-json\/wp\/v2\/product\/5796","targetHints":{"allow":["GET"]}}],"collection":[{"href":"https:\/\/wp.billiard-plus.hr\/wp\/wp-json\/wp\/v2\/product"}],"about":[{"href":"https:\/\/wp.billiard-plus.hr\/wp\/wp-json\/wp\/v2\/types\/product"}],"wp:featuredmedia":[{"embeddable":true,"href":"https:\/\/wp.billiard-plus.hr\/wp\/wp-json\/wp\/v2\/media\/5820"}],"wp:attachment":[{"href":"https:\/\/wp.billiard-plus.hr\/wp\/wp-json\/wp\/v2\/media?parent=5796"}],"wp:term":[{"taxonomy":"product_brand","embeddable":true,"href":"https:\/\/wp.billiard-plus.hr\/wp\/wp-json\/wp\/v2\/product_brand?post=5796"},{"taxonomy":"product_cat","embeddable":true,"href":"https:\/\/wp.billiard-plus.hr\/wp\/wp-json\/wp\/v2\/product_cat?post=5796"},{"taxonomy":"product_tag","embeddable":true,"href":"https:\/\/wp.billiard-plus.hr\/wp\/wp-json\/wp\/v2\/product_tag?post=5796"}],"curies":[{"name":"wp","href":"https:\/\/api.w.org\/{rel}","templated":true}]}}