{"id":6267,"date":"2023-07-11T13:31:29","date_gmt":"2023-07-11T11:31:29","guid":{"rendered":"https:\/\/wp.billiard-plus.hr\/wp\/?post_type=product&#038;p=6267"},"modified":"2023-10-30T09:51:25","modified_gmt":"2023-10-30T08:51:25","slug":"krpe-pamuk","status":"publish","type":"product","link":"https:\/\/wp.billiard-plus.hr\/wp\/proizvod\/krpe-pamuk","title":{"rendered":"KRPA PAMUK"},"content":{"rendered":"<div class=\"std\">\n<p><span style=\"font-weight: 400;\">KRPA PAMUK<\/span><\/p>\n<p><span style=\"font-weight: 400;\">PAMU\u010cNA KRPA ZA \u010cI\u0160\u0106ENJE I POLIRANJE BILJARSKOG \u0160TAPA I KUGLI<\/span><\/p>\n<\/div>\n","protected":false},"excerpt":{"rendered":"<p><span style=\"font-weight: 400;\">PAMU\u010cNA KRPA ZA \u010cI\u0160\u0106ENJE I POLIRANJE BILJARSKOG \u0160TAPA I KUGLI<\/span><\/p>\n<p>U cijenu ura\u010dunat PDV<br \/>\nDostava nije ura\u010dunata u cijenu<\/p>\n<p>art.27327<\/p>\n","protected":false},"featured_media":6268,"template":"","meta":[],"product_brand":[],"product_cat":[173,125],"product_tag":[882,883],"class_list":{"0":"post-6267","1":"product","2":"type-product","3":"status-publish","4":"has-post-thumbnail","6":"product_cat-ciscenje","7":"product_cat-odrzavanje","8":"product_tag-krpa","9":"product_tag-pamuk","11":"first","12":"instock","13":"shipping-taxable","14":"purchasable","15":"product-type-simple"},"aioseo_notices":[],"_links":{"self":[{"href":"https:\/\/wp.billiard-plus.hr\/wp\/wp-json\/wp\/v2\/product\/6267","targetHints":{"allow":["GET"]}}],"collection":[{"href":"https:\/\/wp.billiard-plus.hr\/wp\/wp-json\/wp\/v2\/product"}],"about":[{"href":"https:\/\/wp.billiard-plus.hr\/wp\/wp-json\/wp\/v2\/types\/product"}],"wp:featuredmedia":[{"embeddable":true,"href":"https:\/\/wp.billiard-plus.hr\/wp\/wp-json\/wp\/v2\/media\/6268"}],"wp:attachment":[{"href":"https:\/\/wp.billiard-plus.hr\/wp\/wp-json\/wp\/v2\/media?parent=6267"}],"wp:term":[{"taxonomy":"product_brand","embeddable":true,"href":"https:\/\/wp.billiard-plus.hr\/wp\/wp-json\/wp\/v2\/product_brand?post=6267"},{"taxonomy":"product_cat","embeddable":true,"href":"https:\/\/wp.billiard-plus.hr\/wp\/wp-json\/wp\/v2\/product_cat?post=6267"},{"taxonomy":"product_tag","embeddable":true,"href":"https:\/\/wp.billiard-plus.hr\/wp\/wp-json\/wp\/v2\/product_tag?post=6267"}],"curies":[{"name":"wp","href":"https:\/\/api.w.org\/{rel}","templated":true}]}}