{"id":6833,"date":"2023-08-29T13:41:14","date_gmt":"2023-08-29T11:41:14","guid":{"rendered":"https:\/\/wp.billiard-plus.hr\/wp\/?post_type=product&#038;p=6833"},"modified":"2023-08-29T13:42:35","modified_gmt":"2023-08-29T11:42:35","slug":"drzak-carbon-st-crvena","status":"publish","type":"product","link":"https:\/\/wp.billiard-plus.hr\/wp\/proizvod\/drzak-carbon-st-crvena","title":{"rendered":"DR\u017dAK HARROWS CARBON ST CRVENA"},"content":{"rendered":"<p>\u010cVRSTI DR\u017dAK ZA PIKADO STRELICE<\/p>\n<p>\u00a0\u010cvrsta karbonska kompozitna struktura izra\u0111ena je dvostrukim injekcijskim pre\u0161anjem s visokokvalitetnim polikarbonatnim materijalom, \u0161to je rezultiralo ovim doista jedinstvenim dr\u017ekom. Ne samo da ova osovina izgleda sjajno, ve\u0107 je i posebno dizajnirana za pobolj\u0161anje nekih klju\u010dnih aspekata performansi obi\u010dnog dr\u017eka:<\/p>\n<p>Jedinstveni profil dr\u017eka usmjerava protok zraka oko strelice kada se baci, stvaraju\u0107i stabilniju putanju leta od obi\u010dnog dr\u017eka.<br \/>\nUvod u let je redizajniran sa zaobljenim rubovima kako bi se olak\u0161alo uklapanje u let i tako\u0111er smanjilo skretanje pri udarcu.<br \/>\n\u010cvrsta struktura karbonskog kompozita zna\u010dajno pove\u0107ava \u010dvrsto\u0107u dr\u017eka, smanjuju\u0107i o\u0161te\u0107enja i lomove.<br \/>\nNovi Pyramid prsten je ve\u0107i i aerodinami\u010dniji, pove\u0107avaju\u0107i izdr\u017eljivost i smanjuju\u0107i deformacije.<br \/>\nKutni dijelovi od polikarbonata str\u0161e, omogu\u0107uju\u0107i svjetlosti da u\u0111e i lomi se, \u010dine\u0107i strelice vidljivijima na plo\u010di.<\/p>\n<p>Pero nije uklju\u010deno u cijenu.<br \/>\nBoja u stvarnosti mo\u017ee biti razli\u010dita od one na zaslonu.<br \/>\nZadr\u017eavamo pravo izmjene modela, te\u017eine, duljine i cijene.<\/p>\n","protected":false},"excerpt":{"rendered":"<p>\u010cVRSTI DR\u017dAK ZA PIKADO STRELICE<\/p>\n<p>U cijenu ura\u010dunat PDV<br \/>\nDostava nije ura\u010dunata u cijenu<\/p>\n<p>art. 21245<\/p>\n","protected":false},"featured_media":6831,"template":"","meta":[],"product_brand":[],"product_cat":[187,38],"product_tag":[734,732,523,733,708],"class_list":{"0":"post-6833","1":"product","2":"type-product","3":"status-publish","4":"has-post-thumbnail","6":"product_cat-pikado-nastavci","7":"product_cat-pikado","8":"product_tag-dodaci","9":"product_tag-drzak","10":"product_tag-pikado","11":"product_tag-pikadododaci","12":"product_tag-strelice","14":"first","15":"instock","16":"shipping-taxable","17":"purchasable","18":"product-type-simple"},"aioseo_notices":[],"_links":{"self":[{"href":"https:\/\/wp.billiard-plus.hr\/wp\/wp-json\/wp\/v2\/product\/6833","targetHints":{"allow":["GET"]}}],"collection":[{"href":"https:\/\/wp.billiard-plus.hr\/wp\/wp-json\/wp\/v2\/product"}],"about":[{"href":"https:\/\/wp.billiard-plus.hr\/wp\/wp-json\/wp\/v2\/types\/product"}],"wp:featuredmedia":[{"embeddable":true,"href":"https:\/\/wp.billiard-plus.hr\/wp\/wp-json\/wp\/v2\/media\/6831"}],"wp:attachment":[{"href":"https:\/\/wp.billiard-plus.hr\/wp\/wp-json\/wp\/v2\/media?parent=6833"}],"wp:term":[{"taxonomy":"product_brand","embeddable":true,"href":"https:\/\/wp.billiard-plus.hr\/wp\/wp-json\/wp\/v2\/product_brand?post=6833"},{"taxonomy":"product_cat","embeddable":true,"href":"https:\/\/wp.billiard-plus.hr\/wp\/wp-json\/wp\/v2\/product_cat?post=6833"},{"taxonomy":"product_tag","embeddable":true,"href":"https:\/\/wp.billiard-plus.hr\/wp\/wp-json\/wp\/v2\/product_tag?post=6833"}],"curies":[{"name":"wp","href":"https:\/\/api.w.org\/{rel}","templated":true}]}}