{"id":720,"date":"2020-04-11T21:14:26","date_gmt":"2020-04-11T19:14:26","guid":{"rendered":"https:\/\/wp.billiard-plus.hr\/wp\/?post_type=product&#038;p=720"},"modified":"2023-09-07T10:09:11","modified_gmt":"2023-09-07T08:09:11","slug":"jednodjelni-stap-fib-techno","status":"publish","type":"product","link":"https:\/\/wp.billiard-plus.hr\/wp\/proizvod\/jednodjelni-stap-fib-techno","title":{"rendered":"JEDNODJELNI \u0160TAP FIBERTECH"},"content":{"rendered":"<div class=\"std\">\n<p><span style=\"font-weight: 400;\">JEDNODJELNI \u0160TAP ZA POOL BILJAR 145 cm<\/span><\/p>\n<p><span style=\"font-weight: 400;\">lijepljena ko\u017eica \u00d8 13 mm<\/span><\/p>\n<p>Duljina 145 cm <br \/>\nPromjer vrha 13 mm <br \/>\nLijepljena ko\u017eica <br \/>\nPlasti\u010dni prsten<\/p>\n<p>Javorovo drvo presvu\u010deno slojem fiberglassa <br \/>\nFiberglass daje \u010dvrsto\u0107u te otpornost na udarce i vlagu <br \/>\n\u0160tap se ne krivi i ne upija masno\u0107u i prljav\u0161tinu<\/p>\n<p>Boja u stvarnosti mo\u017ee biti razli\u010dita od one na zaslonu. <br \/>\nZadr\u017eavamo pravo izmjene modela i cijene.<\/p>\n<\/div>\n","protected":false},"excerpt":{"rendered":"<p>U cijenu ura\u010dunat PDV<br \/>\nDostava nije ura\u010dunata u cijenu<\/p>\n<p>art.24113<br \/>\nJEDNODJELNI \u0160TAP ZA POOL BILJAR 145 CM<br \/>\nLijepljena ko\u017eica 13 mm<\/p>\n","protected":false},"featured_media":721,"template":"","meta":[],"product_brand":[],"product_cat":[39,37,77,72,508],"product_tag":[],"class_list":{"0":"post-720","1":"product","2":"type-product","3":"status-publish","4":"has-post-thumbnail","6":"product_cat-biljar","7":"product_cat-biljarski-stapovi","8":"product_cat-stap-jednodjelni","9":"product_cat-stap-pool","10":"product_cat-biljarski-stapovi-svi-stapovi","12":"first","13":"instock","14":"shipping-taxable","15":"purchasable","16":"product-type-simple"},"aioseo_notices":[],"_links":{"self":[{"href":"https:\/\/wp.billiard-plus.hr\/wp\/wp-json\/wp\/v2\/product\/720","targetHints":{"allow":["GET"]}}],"collection":[{"href":"https:\/\/wp.billiard-plus.hr\/wp\/wp-json\/wp\/v2\/product"}],"about":[{"href":"https:\/\/wp.billiard-plus.hr\/wp\/wp-json\/wp\/v2\/types\/product"}],"wp:featuredmedia":[{"embeddable":true,"href":"https:\/\/wp.billiard-plus.hr\/wp\/wp-json\/wp\/v2\/media\/721"}],"wp:attachment":[{"href":"https:\/\/wp.billiard-plus.hr\/wp\/wp-json\/wp\/v2\/media?parent=720"}],"wp:term":[{"taxonomy":"product_brand","embeddable":true,"href":"https:\/\/wp.billiard-plus.hr\/wp\/wp-json\/wp\/v2\/product_brand?post=720"},{"taxonomy":"product_cat","embeddable":true,"href":"https:\/\/wp.billiard-plus.hr\/wp\/wp-json\/wp\/v2\/product_cat?post=720"},{"taxonomy":"product_tag","embeddable":true,"href":"https:\/\/wp.billiard-plus.hr\/wp\/wp-json\/wp\/v2\/product_tag?post=720"}],"curies":[{"name":"wp","href":"https:\/\/api.w.org\/{rel}","templated":true}]}}