{"id":8045,"date":"2023-11-22T10:50:37","date_gmt":"2023-11-22T09:50:37","guid":{"rendered":"https:\/\/wp.billiard-plus.hr\/wp\/?post_type=product&#038;p=8045"},"modified":"2023-12-12T10:18:45","modified_gmt":"2023-12-12T09:18:45","slug":"kozica-predator-bk-hybrid","status":"publish","type":"product","link":"https:\/\/wp.billiard-plus.hr\/wp\/proizvod\/kozica-predator-bk-hybrid","title":{"rendered":"KO\u017dICA PREDATOR BK HYBRID"},"content":{"rendered":"<div class=\"std\">\n<p>KO\u017dICA PREDATOR BK HYBRID<\/p>\n<p>BK-Hybrid ko\u017eica se sastoji od sedam slojeva vrhunske ko\u017ee u koje je ubrizgan Predatorov hibridni aditiv kako bi se stvorio vrh koji nudi iznimnu tvrdo\u0107u \u0161to rezultira boljim prijenosom energije i pove\u0107anom kontrolom s pobolj\u0161anim prianjanjem krede.<\/p>\n<p>\nBoja u stvarnosti mo\u017ee biti razli\u010dita od one na zaslonu. <br \/>\nZadr\u017eavamo pravo izmjene modela i cijene.<\/p>\n<p><img decoding=\"async\" src=\"http:\/\/shop.billiard-plus.hr\/media\/wysiwyg\/Logo_kamui.jpg\" alt=\"\" \/><\/p>\n<\/div>\n","protected":false},"excerpt":{"rendered":"<p>KO\u017dICA PREDATOR BK HYBRID<\/p>\n<p>art.<span style=\"font-weight: 400;\">32119<\/span><\/p>\n<p>U cijenu ura\u010dunat PDV<br \/>\nDostava nije ura\u010dunata u cijenu<\/p>\n","protected":false},"featured_media":8046,"template":"","meta":[],"product_brand":[],"product_cat":[121,160],"product_tag":[485,741],"class_list":{"0":"post-8045","1":"product","2":"type-product","3":"status-publish","4":"has-post-thumbnail","6":"product_cat-kozica","7":"product_cat-viseslojna","8":"product_tag-biljar","9":"product_tag-kozica","11":"first","12":"instock","13":"shipping-taxable","14":"product-type-variable"},"aioseo_notices":[],"_links":{"self":[{"href":"https:\/\/wp.billiard-plus.hr\/wp\/wp-json\/wp\/v2\/product\/8045","targetHints":{"allow":["GET"]}}],"collection":[{"href":"https:\/\/wp.billiard-plus.hr\/wp\/wp-json\/wp\/v2\/product"}],"about":[{"href":"https:\/\/wp.billiard-plus.hr\/wp\/wp-json\/wp\/v2\/types\/product"}],"wp:featuredmedia":[{"embeddable":true,"href":"https:\/\/wp.billiard-plus.hr\/wp\/wp-json\/wp\/v2\/media\/8046"}],"wp:attachment":[{"href":"https:\/\/wp.billiard-plus.hr\/wp\/wp-json\/wp\/v2\/media?parent=8045"}],"wp:term":[{"taxonomy":"product_brand","embeddable":true,"href":"https:\/\/wp.billiard-plus.hr\/wp\/wp-json\/wp\/v2\/product_brand?post=8045"},{"taxonomy":"product_cat","embeddable":true,"href":"https:\/\/wp.billiard-plus.hr\/wp\/wp-json\/wp\/v2\/product_cat?post=8045"},{"taxonomy":"product_tag","embeddable":true,"href":"https:\/\/wp.billiard-plus.hr\/wp\/wp-json\/wp\/v2\/product_tag?post=8045"}],"curies":[{"name":"wp","href":"https:\/\/api.w.org\/{rel}","templated":true}]}}