{"id":8557,"date":"2023-12-11T09:36:43","date_gmt":"2023-12-11T08:36:43","guid":{"rendered":"https:\/\/wp.billiard-plus.hr\/wp\/?post_type=product&#038;p=8557"},"modified":"2023-12-11T09:48:58","modified_gmt":"2023-12-11T08:48:58","slug":"kozica-navigator-break-impact","status":"publish","type":"product","link":"https:\/\/wp.billiard-plus.hr\/wp\/proizvod\/kozica-navigator-break-impact","title":{"rendered":"KO\u017dICA NAVIGATOR BREAK IMPACT"},"content":{"rendered":"<div class=\"std\">\n<p><span style=\"font-weight: 400;\">VI\u0160ESLOJNA KO\u017dICA ZA VRH BILJARSKOG \u0160TAPA ZA RAZBIJANJE<\/span><\/p>\n<p><span style=\"font-weight: 400;\">promjer 14 mm<\/span><\/p>\n<p>\nNavigator Break Impact je hibridni fenolni lomni vrh. Ve\u0107ina fenolnih vrhova dizajnirana je za generiranje energije, ali po cijenu kontrole bijele kugle. Hibridna konstrukcija vrha Break Impact pru\u017ea ogromnu kontrolu bijele kugle bez \u017ertvovanja snage. To ga \u010dini idealnim za razbijanje i skok \u0161ut.<\/p>\n<p>\nBoja u stvarnosti mo\u017ee biti razli\u010dita od one na zaslonu. <br \/>\nZadr\u017eavamo pravo izmjene modela i cijene.<\/p>\n<p><img decoding=\"async\" src=\"http:\/\/shop.billiard-plus.hr\/media\/wysiwyg\/Logo_kamui.jpg\" alt=\"\" \/><\/p>\n<\/div>\n","protected":false},"excerpt":{"rendered":"<p><span style=\"font-weight: 400;\">VI\u0160ESLOJNA KO\u017dICA ZA VRH BILJARSKOG \u0160TAPA ZA RAZBIJANJE<\/span><\/p>\n<p><span style=\"font-weight: 400;\">promjer 14 mm<\/span><\/p>\n<p>U cijenu ura\u010dunat PDV<br \/>\nDostava nije ura\u010dunata u cijenu<\/p>\n","protected":false},"featured_media":8568,"template":"","meta":[],"product_brand":[],"product_cat":[121,160],"product_tag":[485,741],"class_list":{"0":"post-8557","1":"product","2":"type-product","3":"status-publish","4":"has-post-thumbnail","6":"product_cat-kozica","7":"product_cat-viseslojna","8":"product_tag-biljar","9":"product_tag-kozica","11":"first","12":"instock","13":"shipping-taxable","14":"purchasable","15":"product-type-simple"},"aioseo_notices":[],"_links":{"self":[{"href":"https:\/\/wp.billiard-plus.hr\/wp\/wp-json\/wp\/v2\/product\/8557","targetHints":{"allow":["GET"]}}],"collection":[{"href":"https:\/\/wp.billiard-plus.hr\/wp\/wp-json\/wp\/v2\/product"}],"about":[{"href":"https:\/\/wp.billiard-plus.hr\/wp\/wp-json\/wp\/v2\/types\/product"}],"wp:featuredmedia":[{"embeddable":true,"href":"https:\/\/wp.billiard-plus.hr\/wp\/wp-json\/wp\/v2\/media\/8568"}],"wp:attachment":[{"href":"https:\/\/wp.billiard-plus.hr\/wp\/wp-json\/wp\/v2\/media?parent=8557"}],"wp:term":[{"taxonomy":"product_brand","embeddable":true,"href":"https:\/\/wp.billiard-plus.hr\/wp\/wp-json\/wp\/v2\/product_brand?post=8557"},{"taxonomy":"product_cat","embeddable":true,"href":"https:\/\/wp.billiard-plus.hr\/wp\/wp-json\/wp\/v2\/product_cat?post=8557"},{"taxonomy":"product_tag","embeddable":true,"href":"https:\/\/wp.billiard-plus.hr\/wp\/wp-json\/wp\/v2\/product_tag?post=8557"}],"curies":[{"name":"wp","href":"https:\/\/api.w.org\/{rel}","templated":true}]}}