{"id":8727,"date":"2024-01-22T09:41:03","date_gmt":"2024-01-22T08:41:03","guid":{"rendered":"https:\/\/wp.billiard-plus.hr\/wp\/?post_type=product&#038;p=8727"},"modified":"2024-02-07T10:31:55","modified_gmt":"2024-02-07T09:31:55","slug":"biljarsko-platno-simonis-860-slate-198-cm","status":"publish","type":"product","link":"https:\/\/wp.billiard-plus.hr\/wp\/proizvod\/biljarsko-platno-simonis-860-slate-198-cm","title":{"rendered":"BILJARSKO PLATNO SIMONIS 860 SLATE 198 cm"},"content":{"rendered":"<div class=\"std\">\n<p><span style=\"font-weight: 400;\">NATJECATELJSKO SPORIJE PLATNO ZA POOL BILJAR<\/span><\/p>\n<p><span style=\"font-weight: 400;\">90% vuna + 10% nylon<\/span><\/p>\n<p><span style=\"font-weight: 400;\">Cijena za du\u017eni metar<\/span><\/p>\n<p>Simonis 860 je oficijelno natjecateljsko platno za pool biljar po propozicijama EPBF. <br \/>\nLegenda koja je postala sinonim za kvalitetu i izdr\u017eljivost. <br \/>\nKompanija Iwan Simonis osnovana je 1680.godine.<\/p>\n<p>&nbsp;<\/p>\n<p>Potro\u0161nja platna ovisi o debljini plo\u010de i na\u010dinu postavljanja pa je potrebno za biljar: <br \/>\n7&#8242; 2,20-2,50 m <br \/>\n8&#8242; 2,40-2,70 m <br \/>\n9&#8242; 2,90-3,60 m<\/p>\n<p>Preporu\u010damo <a href=\"http:\/\/shop.billiard-plus.hr\/index.php\/usluge\/zamjena-biljarsko-platno.html\" target=\"_blank\" rel=\"noopener noreferrer\">stru\u010dnu zamjenu platna<\/a><\/p>\n<p>Preporu\u010damo startnu to\u010dku <a href=\"http:\/\/shop.billiard-plus.hr\/47935.html\" target=\"_blank\" rel=\"noopener noreferrer\">47935<\/a> ili <a href=\"http:\/\/shop.billiard-plus.hr\/47960.html\" target=\"_blank\" rel=\"noopener noreferrer\">47960<\/a><\/p>\n<p>Preporu\u010damo kredu u sivoj boji <a href=\"http:\/\/shop.billiard-plus.hr\/34016.html\" target=\"_blank\" rel=\"noopener noreferrer\">34016<\/a> i <a href=\"http:\/\/shop.billiard-plus.hr\/34214.html\" target=\"_blank\" rel=\"noopener noreferrer\">34214<\/a> ili u plavoj boji <a href=\"http:\/\/shop.billiard-plus.hr\/34012.html\" target=\"_blank\" rel=\"noopener noreferrer\">34012<\/a>, <a href=\"http:\/\/shop.billiard-plus.hr\/34020.html\" target=\"_blank\" rel=\"noopener noreferrer\">34020<\/a>, <a href=\"http:\/\/shop.billiard-plus.hr\/34112.html\" target=\"_blank\" rel=\"noopener noreferrer\">34112<\/a> i <a href=\"http:\/\/shop.billiard-plus.hr\/34212.html\" target=\"_blank\" rel=\"noopener noreferrer\">34212<\/a><\/p>\n<p>Boja u stvarnosti mo\u017ee biti razli\u010dita od one na zaslonu. <br \/>\nZadr\u017eavamo pravo izmjene modela, \u0161irine, te\u017eine, sastava, boje i cijene.<\/p>\n<\/div>\n","protected":false},"excerpt":{"rendered":"<p>U cijenu ura\u010dunat PDV<br \/>\nDostava nije ura\u010dunata u cijenu<\/p>\n<p>&nbsp;<\/p>\n","protected":false},"featured_media":8730,"template":"","meta":[],"product_brand":[],"product_cat":[113,142,555],"product_tag":[],"class_list":{"0":"post-8727","1":"product","2":"type-product","3":"status-publish","4":"has-post-thumbnail","6":"product_cat-biljarsko-platno","7":"product_cat-pool-platno","8":"product_cat-simonis","10":"first","11":"instock","12":"shipping-taxable","13":"purchasable","14":"product-type-simple"},"aioseo_notices":[],"_links":{"self":[{"href":"https:\/\/wp.billiard-plus.hr\/wp\/wp-json\/wp\/v2\/product\/8727","targetHints":{"allow":["GET"]}}],"collection":[{"href":"https:\/\/wp.billiard-plus.hr\/wp\/wp-json\/wp\/v2\/product"}],"about":[{"href":"https:\/\/wp.billiard-plus.hr\/wp\/wp-json\/wp\/v2\/types\/product"}],"wp:featuredmedia":[{"embeddable":true,"href":"https:\/\/wp.billiard-plus.hr\/wp\/wp-json\/wp\/v2\/media\/8730"}],"wp:attachment":[{"href":"https:\/\/wp.billiard-plus.hr\/wp\/wp-json\/wp\/v2\/media?parent=8727"}],"wp:term":[{"taxonomy":"product_brand","embeddable":true,"href":"https:\/\/wp.billiard-plus.hr\/wp\/wp-json\/wp\/v2\/product_brand?post=8727"},{"taxonomy":"product_cat","embeddable":true,"href":"https:\/\/wp.billiard-plus.hr\/wp\/wp-json\/wp\/v2\/product_cat?post=8727"},{"taxonomy":"product_tag","embeddable":true,"href":"https:\/\/wp.billiard-plus.hr\/wp\/wp-json\/wp\/v2\/product_tag?post=8727"}],"curies":[{"name":"wp","href":"https:\/\/api.w.org\/{rel}","templated":true}]}}