{"id":8849,"date":"2024-01-29T09:39:53","date_gmt":"2024-01-29T08:39:53","guid":{"rendered":"https:\/\/wp.billiard-plus.hr\/wp\/?post_type=product&#038;p=8849"},"modified":"2024-01-29T10:47:40","modified_gmt":"2024-01-29T09:47:40","slug":"kreda-brunswick-12-kom","status":"publish","type":"product","link":"https:\/\/wp.billiard-plus.hr\/wp\/proizvod\/kreda-brunswick-12-kom","title":{"rendered":"KREDA BRUNSWICK 12 KOM"},"content":{"rendered":"<div class=\"std\">\n<p><span style=\"font-weight: 400;\">KREDA SVJETSKI NAJPOZNATIJEG PROIZVO\u0110A\u010cA BILJARSKIH STOLOVA<\/span><\/p>\n<p><span style=\"font-weight: 400;\">KUTIJA 12 KOM<\/span><\/p>\n<p>Izra\u0111ena je od najfinijeg pijeska, koji osigurava maksimalna svojstva prijanjanja i trenja. Ovaj specijalni pijesak vadi se samo u Sjedinjenim Dr\u017eavama. Proizvodni proces uklju\u010duje dodavanje prave koli\u010dine vlage i aditiva kako bi se osigurala najvi\u0161a kvaliteta biljarske krede. Biljarska kreda dostupna je u 12 razli\u010ditih boja, tako da mo\u017eete odabrati boju koja najbolje odgovara va\u0161im \u017eeljama i stilu igre.<\/p>\n<p><img decoding=\"async\" src=\"http:\/\/shop.billiard-plus.hr\/media\/wysiwyg\/Logo_kamui.jpg\" alt=\"\" \/><\/p>\n<p>Anegdota: Kredu za biljarske \u0161tapove u svom modernom obliku izumili su profesionalni igra\u010d biljara William A. Spinks i kemi\u010dar William Hoskins 1897. godine. Izra\u0111uje se drobljenjem silicijevog dioksida i abrazivne tvari korunda ili aloksita (aluminijev oksid). (Wikipedia)<\/p>\n<p>Savjeti: Kreda je osjetljiva na promjene temperature i hidrometrije, \u010duvajte je na suhom mjestu.<\/p>\n<\/div>\n","protected":false},"excerpt":{"rendered":"<p><span style=\"font-weight: 400;\">KREDA SVJETSKI NAJPOZNATIJEG PROIZVO\u0110A\u010cA BILJARSKIH STOLOVA<\/span><\/p>\n<p><span style=\"font-weight: 400;\">KUTIJA 12 KOM<\/span><\/p>\n<p>U cijenu ura\u010dunat PDV<br \/>\nDostava nije ura\u010dunata u cijenu<\/p>\n<p>&nbsp;<\/p>\n","protected":false},"featured_media":8868,"template":"","meta":[],"product_brand":[],"product_cat":[82,124,131],"product_tag":[485,876,802,649],"class_list":{"0":"post-8849","1":"product","2":"type-product","3":"status-publish","4":"has-post-thumbnail","6":"product_cat-stap-brunswick","7":"product_cat-kreda","8":"product_cat-moglo-bi-mi-trebati","9":"product_tag-biljar","10":"product_tag-biljarskistap","11":"product_tag-kreda","12":"product_tag-stap","14":"first","15":"instock","16":"shipping-taxable","17":"purchasable","18":"product-type-variable"},"aioseo_notices":[],"_links":{"self":[{"href":"https:\/\/wp.billiard-plus.hr\/wp\/wp-json\/wp\/v2\/product\/8849","targetHints":{"allow":["GET"]}}],"collection":[{"href":"https:\/\/wp.billiard-plus.hr\/wp\/wp-json\/wp\/v2\/product"}],"about":[{"href":"https:\/\/wp.billiard-plus.hr\/wp\/wp-json\/wp\/v2\/types\/product"}],"wp:featuredmedia":[{"embeddable":true,"href":"https:\/\/wp.billiard-plus.hr\/wp\/wp-json\/wp\/v2\/media\/8868"}],"wp:attachment":[{"href":"https:\/\/wp.billiard-plus.hr\/wp\/wp-json\/wp\/v2\/media?parent=8849"}],"wp:term":[{"taxonomy":"product_brand","embeddable":true,"href":"https:\/\/wp.billiard-plus.hr\/wp\/wp-json\/wp\/v2\/product_brand?post=8849"},{"taxonomy":"product_cat","embeddable":true,"href":"https:\/\/wp.billiard-plus.hr\/wp\/wp-json\/wp\/v2\/product_cat?post=8849"},{"taxonomy":"product_tag","embeddable":true,"href":"https:\/\/wp.billiard-plus.hr\/wp\/wp-json\/wp\/v2\/product_tag?post=8849"}],"curies":[{"name":"wp","href":"https:\/\/api.w.org\/{rel}","templated":true}]}}