{"id":9156,"date":"2024-03-04T09:59:34","date_gmt":"2024-03-04T08:59:34","guid":{"rendered":"https:\/\/wp.billiard-plus.hr\/wp\/?post_type=product&#038;p=9156"},"modified":"2024-03-22T14:06:46","modified_gmt":"2024-03-22T13:06:46","slug":"naljepnica-cloth-repair-paste-zelena","status":"publish","type":"product","link":"https:\/\/wp.billiard-plus.hr\/wp\/proizvod\/naljepnica-cloth-repair-paste-zelena","title":{"rendered":"NALJEPNICA CLOTH REPAIR PASTE ZELENA"},"content":{"rendered":"<p>NALJEPNICA ZA KRPANJE ZELENOG BILJARSKOG PLATNA<\/p>\n<p>dostupna u vi\u0161e veli\u010dina<\/p>\n<p>koristi se za popravak eventualnih o\u0161te\u0107enja na zelenom platnu biljarskog stola. Ove naljepnice\u00a0 koriste se za popunjavanje manjih rupa, ogrebotina ili drugih o\u0161te\u0107enja koja mogu nastati na povr\u0161ini stola tijekom igranja. Kori\u0161tenje naljepnica za platno mo\u017ee pomo\u0107i u odr\u017eavanju glatke i ravne povr\u0161ine stola, \u010dime se osigurava bolje iskustvo igranja.<\/p>\n<p>&nbsp;<\/p>\n<p>&nbsp;<\/p>\n","protected":false},"excerpt":{"rendered":"<p>NALJEPNICA ZA KRPANJE ZELENOG BILJARSKOG PLATNA<\/p>\n<p>U cijenu ura\u010dunat PDV<br \/>\nDostava nije ura\u010dunata u cijenu<\/p>\n<p>Boja u stvarnosti mo\u017ee biti razli\u010dita od one na zaslonu.<br \/>\nZadr\u017eavamo pravo izmjene modela i cijene.<\/p>\n<p>&nbsp;<\/p>\n","protected":false},"featured_media":9157,"template":"","meta":[],"product_brand":[],"product_cat":[39,113,146],"product_tag":[485,879,881,880,669],"class_list":{"0":"post-9156","1":"product","2":"type-product","3":"status-publish","4":"has-post-thumbnail","6":"product_cat-biljar","7":"product_cat-biljarsko-platno","8":"product_cat-odrzavanje-platno","9":"product_tag-biljar","10":"product_tag-cloth","11":"product_tag-platna","12":"product_tag-popravak","13":"product_tag-repair","15":"first","16":"instock","17":"shipping-taxable","18":"purchasable","19":"product-type-variable"},"aioseo_notices":[],"_links":{"self":[{"href":"https:\/\/wp.billiard-plus.hr\/wp\/wp-json\/wp\/v2\/product\/9156","targetHints":{"allow":["GET"]}}],"collection":[{"href":"https:\/\/wp.billiard-plus.hr\/wp\/wp-json\/wp\/v2\/product"}],"about":[{"href":"https:\/\/wp.billiard-plus.hr\/wp\/wp-json\/wp\/v2\/types\/product"}],"wp:featuredmedia":[{"embeddable":true,"href":"https:\/\/wp.billiard-plus.hr\/wp\/wp-json\/wp\/v2\/media\/9157"}],"wp:attachment":[{"href":"https:\/\/wp.billiard-plus.hr\/wp\/wp-json\/wp\/v2\/media?parent=9156"}],"wp:term":[{"taxonomy":"product_brand","embeddable":true,"href":"https:\/\/wp.billiard-plus.hr\/wp\/wp-json\/wp\/v2\/product_brand?post=9156"},{"taxonomy":"product_cat","embeddable":true,"href":"https:\/\/wp.billiard-plus.hr\/wp\/wp-json\/wp\/v2\/product_cat?post=9156"},{"taxonomy":"product_tag","embeddable":true,"href":"https:\/\/wp.billiard-plus.hr\/wp\/wp-json\/wp\/v2\/product_tag?post=9156"}],"curies":[{"name":"wp","href":"https:\/\/api.w.org\/{rel}","templated":true}]}}